{"id":3205,"date":"2026-01-12T17:20:16","date_gmt":"2026-01-12T16:20:16","guid":{"rendered":"https:\/\/levendetalenspaans.nl\/wordpress\/?page_id=3205"},"modified":"2026-01-12T17:26:37","modified_gmt":"2026-01-12T16:26:37","slug":"quienes-somos","status":"publish","type":"page","link":"https:\/\/levendetalenspaans.nl\/wordpress\/quienes-somos\/","title":{"rendered":"\u00bfQui\u00e9nes somos?"},"content":{"rendered":"\t\t<div data-elementor-type=\"wp-page\" data-elementor-id=\"3205\" class=\"elementor elementor-3205\">\n\t\t\t\t<div class=\"elementor-element elementor-element-4094ee7 e-flex e-con-boxed e-con e-parent\" data-id=\"4094ee7\" data-element_type=\"container\" data-settings=\"{&quot;background_background&quot;:&quot;classic&quot;,&quot;content_width&quot;:&quot;boxed&quot;}\" data-core-v316-plus=\"true\">\n\t\t\t\t\t<div class=\"e-con-inner\">\n\t\t<div class=\"elementor-element elementor-element-8695738 e-con-full e-flex e-con e-child\" data-id=\"8695738\" data-element_type=\"container\" data-settings=\"{&quot;content_width&quot;:&quot;full&quot;}\">\n\t\t\t\t<div class=\"elementor-element elementor-element-2646c9c elementor-widget elementor-widget-heading\" data-id=\"2646c9c\" data-element_type=\"widget\" data-widget_type=\"heading.default\">\n\t\t\t\t<div class=\"elementor-widget-container\">\n\t\t\t<style>\/*! elementor - v3.19.0 - 07-02-2024 *\/\n.elementor-heading-title{padding:0;margin:0;line-height:1}.elementor-widget-heading .elementor-heading-title[class*=elementor-size-]>a{color:inherit;font-size:inherit;line-height:inherit}.elementor-widget-heading .elementor-heading-title.elementor-size-small{font-size:15px}.elementor-widget-heading .elementor-heading-title.elementor-size-medium{font-size:19px}.elementor-widget-heading .elementor-heading-title.elementor-size-large{font-size:29px}.elementor-widget-heading .elementor-heading-title.elementor-size-xl{font-size:39px}.elementor-widget-heading .elementor-heading-title.elementor-size-xxl{font-size:59px}<\/style><h1 class=\"elementor-heading-title elementor-size-default\"><h1 data-elementor-setting-key=\"title\" data-pen-placeholder=\"Hier typen...\" style=\"font-style: normal; color: rgb(217, 7, 0);\">\u00bfQui\u00e9nes somos?<span style=\"font-size: 70px; font-style: inherit;\"><\/span><\/h1><\/h1>\t\t<\/div>\n\t\t\t\t<\/div>\n\t\t\t\t<\/div>\n\t\t\t\t\t<\/div>\n\t\t\t\t<\/div>\n\t\t<div class=\"elementor-element elementor-element-6ca1ae9 e-flex e-con-boxed e-con e-parent\" data-id=\"6ca1ae9\" data-element_type=\"container\" data-settings=\"{&quot;content_width&quot;:&quot;boxed&quot;}\" data-core-v316-plus=\"true\">\n\t\t\t\t\t<div class=\"e-con-inner\">\n\t\t\t\t<div class=\"elementor-element elementor-element-3939b6e elementor-widget elementor-widget-image\" data-id=\"3939b6e\" data-element_type=\"widget\" data-widget_type=\"image.default\">\n\t\t\t\t<div class=\"elementor-widget-container\">\n\t\t\t<style>\/*! elementor - v3.19.0 - 07-02-2024 *\/\n.elementor-widget-image{text-align:center}.elementor-widget-image a{display:inline-block}.elementor-widget-image a img[src$=\".svg\"]{width:48px}.elementor-widget-image img{vertical-align:middle;display:inline-block}<\/style>\t\t\t\t\t\t\t\t\t\t<img fetchpriority=\"high\" decoding=\"async\" width=\"524\" height=\"213\" src=\"https:\/\/levendetalenspaans.nl\/wordpress\/wp-content\/uploads\/2022\/10\/LT-logo-Spaans-lang-185x75-2024-rgb-120x49.png\" class=\"attachment-large size-large wp-image-2487\" alt=\"\" srcset=\"https:\/\/levendetalenspaans.nl\/wordpress\/wp-content\/uploads\/2022\/10\/LT-logo-Spaans-lang-185x75-2024-rgb.png 1x, https:\/\/levendetalenspaans.nl\/wordpress\/wp-content\/uploads\/2022\/10\/LT-logo-Spaans-lang-185x75-2024-rgb.png 2x\" sizes=\"(max-width: 524px) 100vw, 524px\" \/>\t\t\t\t\t\t\t\t\t\t\t\t\t<\/div>\n\t\t\t\t<\/div>\n\t\t\t\t\t<\/div>\n\t\t\t\t<\/div>\n\t\t<div class=\"elementor-element elementor-element-e90f62c e-flex e-con-boxed e-con e-parent\" data-id=\"e90f62c\" data-element_type=\"container\" data-settings=\"{&quot;content_width&quot;:&quot;boxed&quot;}\" data-core-v316-plus=\"true\">\n\t\t\t\t\t<div class=\"e-con-inner\">\n\t\t\t\t<div class=\"elementor-element elementor-element-f6d7a2f elementor-widget__width-initial elementor-widget elementor-widget-text-editor\" data-id=\"f6d7a2f\" data-element_type=\"widget\" data-widget_type=\"text-editor.default\">\n\t\t\t\t<div class=\"elementor-widget-container\">\n\t\t\t<style>\/*! elementor - v3.19.0 - 07-02-2024 *\/\n.elementor-widget-text-editor.elementor-drop-cap-view-stacked .elementor-drop-cap{background-color:#69727d;color:#fff}.elementor-widget-text-editor.elementor-drop-cap-view-framed .elementor-drop-cap{color:#69727d;border:3px solid;background-color:transparent}.elementor-widget-text-editor:not(.elementor-drop-cap-view-default) .elementor-drop-cap{margin-top:8px}.elementor-widget-text-editor:not(.elementor-drop-cap-view-default) .elementor-drop-cap-letter{width:1em;height:1em}.elementor-widget-text-editor .elementor-drop-cap{float:left;text-align:center;line-height:1;font-size:50px}.elementor-widget-text-editor .elementor-drop-cap-letter{display:inline-block}<\/style>\t\t\t\t<h3>NUESTROS OBJETIVOS<\/h3><p>La Asociaci\u00f3n Holandesa de Profesores de Espa\u00f1ol en Lenguas Vivas (Levende Talen Spaans) organiza este congreso en 2026. Nuestra asociaci\u00f3n se compromete a la promoci\u00f3n y el desarrollo de la ense\u00f1anza de idiomas en los Pa\u00edses Bajos.<\/p><p>Nuestra organizaci\u00f3n tiene como objetivo informar sobre los cambios referentes a la did\u00e1ctica del espa\u00f1ol y en particular sobre las pol\u00edticas de ense\u00f1anza en Holanda. Integramos una amplia de profesores que participan con entusiasmo en nuestras actividades.<br \/>Asimismo, ofrecemos apoyo jur\u00eddico gratuito a nuestros miembros dado que somos un sindicato de profesores.<br \/>La asociaci\u00f3n publica la revista\u00a0<a href=\"https:\/\/levendetalen.nl\/publicaties\/magazine\/\" rel=\"noopener\">Levende Talen Magazine<\/a> ocho veces al a\u00f1o. Aqu\u00ed se incluyen art\u00edculos y ejemplos de good practice, rese\u00f1as de libros y m\u00e9todos did\u00e1cticos, entrevistas, programas internacionales, c\u00f3mo trabajar con un portafolio de idiomas, el Marco de Referencia Europeo y otros temas relativos a nuestra asociaci\u00f3n.<\/p><p>La revista\u00a0<a href=\"https:\/\/levendetalen.nl\/publicaties\/tijdschrift\/\" rel=\"noopener\">Levende Talen Tijdschrift<\/a>\u00a0aparece cuatro veces al a\u00f1o. Incluye art\u00edculos sobre la did\u00e1ctica de la ense\u00f1anza de lenguas y tiene un car\u00e1cter\u00a0acad\u00e9mico. Le invitamos tambi\u00e9n a revisar\u00a0el archivo digital de estas publicaciones en\u00a0<a href=\"http:\/\/www.lt-tijdschriften.nl\/\">http:\/\/www.lt-tijdschriften.nl\/<\/a>.<\/p><p>Como miembro de la secci\u00f3n de espa\u00f1ol de Levende Talen te ofrecemos descuento para asistir a las jornadas de estudio y a la celebraci\u00f3n del d\u00eda del profesor de espa\u00f1ol. Tambi\u00e9n te invitamos a participar en el<a href=\"https:\/\/levendetalen.nl\/vakkennis\/congressen-2\/\" rel=\"noopener\">\u00a0Congreso Nacional de Levende Talen<\/a>\u00a0donde se ofrecen alrededor de 60 talleres, varios de ellos dirigidos a los profesores de espa\u00f1ol. Dichas actividades se organizan una vez al a\u00f1o.<\/p><p>Una de las tareas m\u00e1s importantes de nuestra secci\u00f3n es mantenerte al tanto de las actividades m\u00e1s importantes como congresos, vacantes, m\u00e9todos de ense\u00f1anza y mucho m\u00e1s, pero sobre todo, nuestra tarea es integrar al profesorado del espa\u00f1ol, darle apoyo y estimularlo a continuar con vitalidad y profesionalidad en su labor docente.<\/p><p>Te invitamos a formar parte de nuestra asociaci\u00f3n. Para m\u00e1s informaci\u00f3n consulta el sitio: <a href=\"http:\/\/www.levendetalen.nl\/\">http:\/\/www.levendetalen.nl\/<\/a><\/p>\t\t\t\t\t\t<\/div>\n\t\t\t\t<\/div>\n\t\t<div class=\"elementor-element elementor-element-b29abee e-con-full e-flex e-con e-child\" data-id=\"b29abee\" data-element_type=\"container\" data-settings=\"{&quot;content_width&quot;:&quot;full&quot;}\">\n\t\t\t\t<div class=\"elementor-element elementor-element-5990b83 elementor-widget elementor-widget-text-editor\" data-id=\"5990b83\" data-element_type=\"widget\" data-widget_type=\"text-editor.default\">\n\t\t\t\t<div class=\"elementor-widget-container\">\n\t\t\t\t\t\t\t\t\t\t\t\t\t<\/div>\n\t\t\t\t<\/div>\n\t\t\t\t<\/div>\n\t\t\t\t\t<\/div>\n\t\t\t\t<\/div>\n\t\t<div class=\"elementor-element elementor-element-9913187 e-flex e-con-boxed e-con e-parent\" data-id=\"9913187\" data-element_type=\"container\" data-settings=\"{&quot;background_background&quot;:&quot;classic&quot;,&quot;content_width&quot;:&quot;boxed&quot;}\" data-core-v316-plus=\"true\">\n\t\t\t\t\t<div class=\"e-con-inner\">\n\t\t<div class=\"elementor-element elementor-element-0f074f2 e-con-full e-flex e-con e-child\" data-id=\"0f074f2\" data-element_type=\"container\" data-settings=\"{&quot;content_width&quot;:&quot;full&quot;}\">\n\t\t\t\t<div class=\"elementor-element elementor-element-c2230aa elementor-widget elementor-widget-heading\" data-id=\"c2230aa\" data-element_type=\"widget\" data-widget_type=\"heading.default\">\n\t\t\t\t<div class=\"elementor-widget-container\">\n\t\t\t<h2 class=\"elementor-heading-title elementor-size-default\">levende talen spaans<\/h2>\t\t<\/div>\n\t\t\t\t<\/div>\n\t\t\t\t<div class=\"elementor-element elementor-element-14b235b elementor-widget elementor-widget-text-editor\" data-id=\"14b235b\" data-element_type=\"widget\" data-widget_type=\"text-editor.default\">\n\t\t\t\t<div class=\"elementor-widget-container\">\n\t\t\t\t\t\t\t\t\t\t\t\t\t<\/div>\n\t\t\t\t<\/div>\n\t\t\t\t<div class=\"elementor-element elementor-element-4f55473 elementor-align-center elementor-widget elementor-widget-button\" data-id=\"4f55473\" data-element_type=\"widget\" data-widget_type=\"button.default\">\n\t\t\t\t<div class=\"elementor-widget-container\">\n\t\t\t\t\t<div class=\"elementor-button-wrapper\">\n\t\t\t<a class=\"elementor-button elementor-button-link elementor-size-sm\" href=\"https:\/\/levendetalenspaans.nl\/wordpress\/contact\" target=\"_blank\">\n\t\t\t\t\t\t<span class=\"elementor-button-content-wrapper\">\n\t\t\t\t\t\t<span class=\"elementor-button-text\">contact\/ contacto<\/span>\n\t\t<\/span>\n\t\t\t\t\t<\/a>\n\t\t<\/div>\n\t\t\t\t<\/div>\n\t\t\t\t<\/div>\n\t\t\t\t<\/div>\n\t\t\t\t\t<\/div>\n\t\t\t\t<\/div>\n\t\t\t\t<\/div>\n\t\t","protected":false},"excerpt":{"rendered":"<p>\u00bfQui\u00e9nes somos? NUESTROS OBJETIVOS La Asociaci\u00f3n Holandesa de Profesores de Espa\u00f1ol en Lenguas Vivas (Levende Talen Spaans) organiza este congreso en 2026. Nuestra asociaci\u00f3n se compromete a la promoci\u00f3n y el desarrollo de la ense\u00f1anza de idiomas en los Pa\u00edses Bajos. Nuestra organizaci\u00f3n tiene como objetivo informar sobre los cambios referentes a la did\u00e1ctica del [&hellip;]<\/p>\n","protected":false},"author":3,"featured_media":0,"parent":0,"menu_order":0,"comment_status":"closed","ping_status":"closed","template":"","meta":{"site-sidebar-layout":"no-sidebar","site-content-layout":"page-builder","ast-site-content-layout":"full-width-container","site-content-style":"unboxed","site-sidebar-style":"unboxed","ast-global-header-display":"","ast-banner-title-visibility":"","ast-main-header-display":"","ast-hfb-above-header-display":"","ast-hfb-below-header-display":"","ast-hfb-mobile-header-display":"","site-post-title":"disabled","ast-breadcrumbs-content":"","ast-featured-img":"disabled","footer-sml-layout":"","theme-transparent-header-meta":"enabled","adv-header-id-meta":"","stick-header-meta":"","header-above-stick-meta":"","header-main-stick-meta":"","header-below-stick-meta":"","astra-migrate-meta-layouts":"set","ast-page-background-enabled":"default","ast-page-background-meta":{"desktop":{"background-color":"var(--ast-global-color-4)","background-image":"","background-repeat":"repeat","background-position":"center center","background-size":"auto","background-attachment":"scroll","background-type":"","background-media":"","overlay-type":"","overlay-color":"","overlay-gradient":""},"tablet":{"background-color":"","background-image":"","background-repeat":"repeat","background-position":"center center","background-size":"auto","background-attachment":"scroll","background-type":"","background-media":"","overlay-type":"","overlay-color":"","overlay-gradient":""},"mobile":{"background-color":"","background-image":"","background-repeat":"repeat","background-position":"center center","background-size":"auto","background-attachment":"scroll","background-type":"","background-media":"","overlay-type":"","overlay-color":"","overlay-gradient":""}},"ast-content-background-meta":{"desktop":{"background-color":"var(--ast-global-color-5)","background-image":"","background-repeat":"repeat","background-position":"center center","background-size":"auto","background-attachment":"scroll","background-type":"","background-media":"","overlay-type":"","overlay-color":"","overlay-gradient":""},"tablet":{"background-color":"var(--ast-global-color-5)","background-image":"","background-repeat":"repeat","background-position":"center center","background-size":"auto","background-attachment":"scroll","background-type":"","background-media":"","overlay-type":"","overlay-color":"","overlay-gradient":""},"mobile":{"background-color":"var(--ast-global-color-5)","background-image":"","background-repeat":"repeat","background-position":"center center","background-size":"auto","background-attachment":"scroll","background-type":"","background-media":"","overlay-type":"","overlay-color":"","overlay-gradient":""}},"footnotes":""},"class_list":["post-3205","page","type-page","status-publish","hentry"],"_links":{"self":[{"href":"https:\/\/levendetalenspaans.nl\/wordpress\/wp-json\/wp\/v2\/pages\/3205","targetHints":{"allow":["GET"]}}],"collection":[{"href":"https:\/\/levendetalenspaans.nl\/wordpress\/wp-json\/wp\/v2\/pages"}],"about":[{"href":"https:\/\/levendetalenspaans.nl\/wordpress\/wp-json\/wp\/v2\/types\/page"}],"author":[{"embeddable":true,"href":"https:\/\/levendetalenspaans.nl\/wordpress\/wp-json\/wp\/v2\/users\/3"}],"replies":[{"embeddable":true,"href":"https:\/\/levendetalenspaans.nl\/wordpress\/wp-json\/wp\/v2\/comments?post=3205"}],"version-history":[{"count":8,"href":"https:\/\/levendetalenspaans.nl\/wordpress\/wp-json\/wp\/v2\/pages\/3205\/revisions"}],"predecessor-version":[{"id":3218,"href":"https:\/\/levendetalenspaans.nl\/wordpress\/wp-json\/wp\/v2\/pages\/3205\/revisions\/3218"}],"wp:attachment":[{"href":"https:\/\/levendetalenspaans.nl\/wordpress\/wp-json\/wp\/v2\/media?parent=3205"}],"curies":[{"name":"wp","href":"https:\/\/api.w.org\/{rel}","templated":true}]}}