{"id":2844,"date":"2026-01-04T16:42:42","date_gmt":"2026-01-04T15:42:42","guid":{"rendered":"https:\/\/levendetalenspaans.nl\/wordpress\/?page_id=2844"},"modified":"2026-01-13T09:44:31","modified_gmt":"2026-01-13T08:44:31","slug":"tamilla-geerligs-ziyatdinov-y-gerdientje-oggel","status":"publish","type":"page","link":"https:\/\/levendetalenspaans.nl\/wordpress\/tamilla-geerligs-ziyatdinov-y-gerdientje-oggel\/","title":{"rendered":"Tamilla Geerligs Ziyatdinov y Gerdientje Oggel"},"content":{"rendered":"\t\t<div data-elementor-type=\"wp-page\" data-elementor-id=\"2844\" class=\"elementor elementor-2844\">\n\t\t\t\t<div class=\"elementor-element elementor-element-550df049 e-flex e-con-boxed e-con e-parent\" data-id=\"550df049\" data-element_type=\"container\" data-settings=\"{&quot;content_width&quot;:&quot;boxed&quot;}\" data-core-v316-plus=\"true\">\n\t\t\t\t\t<div class=\"e-con-inner\">\n\t\t\t\t<div class=\"elementor-element elementor-element-00d1725 elementor-widget elementor-widget-text-editor\" data-id=\"00d1725\" data-element_type=\"widget\" data-widget_type=\"text-editor.default\">\n\t\t\t\t<div class=\"elementor-widget-container\">\n\t\t\t<style>\/*! elementor - v3.19.0 - 07-02-2024 *\/\n.elementor-widget-text-editor.elementor-drop-cap-view-stacked .elementor-drop-cap{background-color:#69727d;color:#fff}.elementor-widget-text-editor.elementor-drop-cap-view-framed .elementor-drop-cap{color:#69727d;border:3px solid;background-color:transparent}.elementor-widget-text-editor:not(.elementor-drop-cap-view-default) .elementor-drop-cap{margin-top:8px}.elementor-widget-text-editor:not(.elementor-drop-cap-view-default) .elementor-drop-cap-letter{width:1em;height:1em}.elementor-widget-text-editor .elementor-drop-cap{float:left;text-align:center;line-height:1;font-size:50px}.elementor-widget-text-editor .elementor-drop-cap-letter{display:inline-block}<\/style>\t\t\t\t<h4><strong>Tamilla Geerligs Ziyatdinov<\/strong><\/h4>\n<p><span lang=\"ES\">\u00a0<\/span><\/p>\n<p><!-- \/wp:paragraph --><\/p>\n<p><!-- wp:paragraph --><\/p>\n<p><!-- \/wp:paragraph --><\/p>\n<p><!-- wp:paragraph --><\/p>\n<p><!-- \/wp:paragraph --><\/p>\n<p><!-- wp:image {\"align\":\"center\",\"id\":2392,\"width\":\"538px\",\"height\":\"auto\",\"aspectRatio\":\"1.5\",\"scale\":\"cover\",\"sizeSlug\":\"full\",\"linkDestination\":\"none\"} --><\/p>\n<figure><\/figure>\n<p><!-- \/wp:image --><\/p>\n<p><!-- wp:paragraph --><\/p>\n<p><!-- wp:paragraph --><\/p>\n<p>Tamilla Geerligs es profesora de Espa\u00f1ol en el instituto Harens Lyceum desde 2020. All\u00ed imparte clases a alumnos de todos los cursos y niveles, desde havo-tl 1 hasta el atheneum 6. Se centra en ofrecer una ense\u00f1anza diferenciada y presta especial atenci\u00f3n al desarrollo de las destrezas ling\u00fc\u00edsticas.\u00a0<\/p>\n<p>En 2022 asumi\u00f3 la coordinaci\u00f3n del departamento de Espa\u00f1ol. En este rol se encarga de la coordinaci\u00f3n del curr\u00edculo, as\u00ed como la colaboraci\u00f3n entre el equipo de Espa\u00f1ol de su colegio con otras instituciones. Entre ellas se encuentran instituciones internacionales, ya que tambi\u00e9n desde 2022 organiza intercambios con el Pa\u00eds Vasco.<\/p>\n<p>Adem\u00e1s, act\u00faa como tutora en el <em>onderbouw<\/em> y mentora de profesores en pr\u00e1cticas en el Harens Lyceum.<\/p>\n<p>\u00a0<\/p>\n<p><a href=\"https:\/\/levendetalenspaans.nl\/wordpress\/tamilla\/\" rel=\"attachment wp-att-3256\"><img fetchpriority=\"high\" decoding=\"async\" class=\"size-medium wp-image-3256 aligncenter\" src=\"https:\/\/levendetalenspaans.nl\/wordpress\/wp-content\/uploads\/2026\/01\/tamilla-257x300.jpg\" alt=\"\" width=\"257\" height=\"300\" srcset=\"https:\/\/levendetalenspaans.nl\/wordpress\/wp-content\/uploads\/2026\/01\/tamilla-257x300.jpg 257w, https:\/\/levendetalenspaans.nl\/wordpress\/wp-content\/uploads\/2026\/01\/tamilla.jpg 333w\" sizes=\"(max-width: 257px) 100vw, 257px\" \/><\/a><\/p>\n<p data-start=\"87\" data-end=\"403\">Tamilla Geerligs is sinds 2020 docent Spaans aan het Harens Lyceum. Daar geeft zij les aan leerlingen van alle leerjaren en niveaus, van havo-tl 1 tot en met atheneum 6. Zij richt zich op gedifferentieerd onderwijs en besteedt bijzondere aandacht aan de ontwikkeling van taalvaardigheden.<\/p>\n<p data-start=\"405\" data-end=\"756\">In 2022 nam zij de co\u00f6rdinatie van de sectie Spaans op zich. In deze rol is zij verantwoordelijk voor de afstemming van het curriculum en voor de samenwerking tussen het Spaans team van haar school en andere instellingen. Daaronder vallen ook internationale instellingen, aangezien zij sinds 2022 uitwisselingen met het Baskenland organiseert.<\/p>\n<p data-start=\"758\" data-end=\"866\">Daarnaast is zij actief als tutor in de onderbouw en als mentor van stagiairs aan het Harens Lyceum.<\/p>\n<p><!-- \/wp:paragraph --><\/p>\n<p><!-- wp:paragraph --><\/p>\n<p><!-- \/wp:paragraph --><\/p>\n<p><!-- wp:paragraph --><\/p>\n<p>\u00a0<\/p>\n<p><!-- \/wp:paragraph --><\/p>\n<p><!-- wp:paragraph --><\/p>\n<p><!-- \/wp:paragraph --><\/p>\n<p><!-- wp:paragraph --><\/p>\n<p><!-- \/wp:paragraph --><\/p>\n<p><!-- wp:paragraph --><\/p>\n<p><!-- \/wp:paragraph --><\/p>\t\t\t\t\t\t<\/div>\n\t\t\t\t<\/div>\n\t\t\t\t<div class=\"elementor-element elementor-element-45da961c elementor-widget elementor-widget-text-editor\" data-id=\"45da961c\" data-element_type=\"widget\" data-widget_type=\"text-editor.default\">\n\t\t\t\t<div class=\"elementor-widget-container\">\n\t\t\t\t\t\t\t<h4><strong>Gerdientje Oggel<\/strong><\/h4>\n<p>Gerdientje Oggel es profesora de Espa\u00f1ol como Lengua Extranjera en la Facultad de Letras y did\u00e1ctica del espa\u00f1ol en la Facultad de Ciencias Sociales de la Universidad de Groningen. Adem\u00e1s, ejerce como funcionaria de enlace entre ambas facultades para tres lenguas extranjeras escolares (alem\u00e1n, espa\u00f1ol y franc\u00e9s).<\/p>\n<p>\u00daltimamente, parte de su labor se centra en fomentar el inter\u00e9s por los estudios de lengua y cultura a nivel de grado entre alumnos de secundaria, as\u00ed como en los m\u00e1steres educativos entre estudiantes universitarios. La disminuci\u00f3n del n\u00famero de estudiantes en estos programas es un tema que recibe su atenci\u00f3n constante.<\/p>\n<p>En noviembre del 2025, obtuvo el certificado SKO (Senior Kwalificatie Onderwijs) por su proyecto &#8220;Een kijkje in het klaslokaal voor een betere blik op het klaslokaal&#8221;, que desarroll\u00f3 en colaboraci\u00f3n con docentes y directores de escuelas secundarias en el norte de los Pa\u00edses Bajos.<\/p>\n<p>\u00a0<\/p>\n<p><!-- \/wp:paragraph --><\/p>\n<p><!-- wp:paragraph --><\/p>\n<p><!-- \/wp:paragraph --><\/p>\n<p><!-- wp:paragraph --><\/p>\n<p><!-- \/wp:paragraph --><\/p>\n<p><!-- wp:image {\"align\":\"center\",\"id\":2392,\"width\":\"538px\",\"height\":\"auto\",\"aspectRatio\":\"1.5\",\"scale\":\"cover\",\"sizeSlug\":\"full\",\"linkDestination\":\"none\"} --><\/p>\n<div>\u00a0<\/div>\n<div><a href=\"https:\/\/levendetalenspaans.nl\/wordpress\/gerdientje\/\" rel=\"attachment wp-att-3257\"><img decoding=\"async\" class=\"size-full wp-image-3257 aligncenter\" src=\"https:\/\/levendetalenspaans.nl\/wordpress\/wp-content\/uploads\/2026\/01\/gerdientje.jpg\" alt=\"\" width=\"258\" height=\"198\" \/><\/a><\/div>\n<p>\u00a0<\/p>\n<p><!-- \/wp:image --><\/p>\n<p><!-- wp:paragraph --><\/p>\n<p data-start=\"99\" data-end=\"439\">Gerdientje Oggel is docent Spaans als vreemde taal aan de Faculteit der Letteren en docent didactiek van het Spaans aan de Faculteit der Sociale Wetenschappen van de Universiteit Groningen. Daarnaast fungeert zij als liaisonfunctionaris tussen beide faculteiten voor drie schooltalen: Duits, Spaans en Frans.<\/p>\n<p data-start=\"441\" data-end=\"806\">De laatste tijd richt een deel van haar werkzaamheden zich op het stimuleren van interesse in taal- en cultuurstudies op bachelorniveau bij leerlingen in het voortgezet onderwijs, evenals op educatieve masteropleidingen bij universitaire studenten. De afname van het aantal studenten in deze opleidingen is een onderwerp dat haar voortdurend bezighoudt.<\/p>\n<p data-start=\"808\" data-end=\"1107\">In november 2025 behaalde zij het SKO-certificaat (Senior Kwalificatie Onderwijs) voor haar project <em data-start=\"916\" data-end=\"987\">\u201cEen kijkje in het klaslokaal voor een betere blik op het klaslokaal\u201d<\/em>, dat zij ontwikkelde in samenwerking met docenten en schoolleiders van middelbare scholen in het noorden van Nederland.<\/p>\n<p><!-- \/wp:paragraph --><\/p>\n<p><!-- wp:paragraph --><\/p>\n<p><!-- \/wp:paragraph --><\/p>\n<p><!-- wp:paragraph --><\/p>\n<p><!-- \/wp:paragraph --><\/p>\n<p><!-- wp:paragraph --><\/p>\n<p><!-- \/wp:paragraph --><\/p>\t\t\t\t\t\t<\/div>\n\t\t\t\t<\/div>\n\t\t\t\t\t<\/div>\n\t\t\t\t<\/div>\n\t\t\t\t<\/div>\n\t\t","protected":false},"excerpt":{"rendered":"<p>Tamilla Geerligs Ziyatdinov \u00a0 Tamilla Geerligs es profesora de Espa\u00f1ol en el instituto Harens Lyceum desde 2020. All\u00ed imparte clases a alumnos de todos los cursos y niveles, desde havo-tl 1 hasta el atheneum 6. Se centra en ofrecer una ense\u00f1anza diferenciada y presta especial atenci\u00f3n al desarrollo de las destrezas ling\u00fc\u00edsticas.\u00a0 En 2022 asumi\u00f3 [&hellip;]<\/p>\n","protected":false},"author":3,"featured_media":0,"parent":0,"menu_order":0,"comment_status":"closed","ping_status":"closed","template":"","meta":{"site-sidebar-layout":"default","site-content-layout":"","ast-site-content-layout":"default","site-content-style":"default","site-sidebar-style":"default","ast-global-header-display":"","ast-banner-title-visibility":"","ast-main-header-display":"","ast-hfb-above-header-display":"","ast-hfb-below-header-display":"","ast-hfb-mobile-header-display":"","site-post-title":"","ast-breadcrumbs-content":"","ast-featured-img":"","footer-sml-layout":"","theme-transparent-header-meta":"","adv-header-id-meta":"","stick-header-meta":"","header-above-stick-meta":"","header-main-stick-meta":"","header-below-stick-meta":"","astra-migrate-meta-layouts":"set","ast-page-background-enabled":"default","ast-page-background-meta":{"desktop":{"background-color":"var(--ast-global-color-4)","background-image":"","background-repeat":"repeat","background-position":"center center","background-size":"auto","background-attachment":"scroll","background-type":"","background-media":"","overlay-type":"","overlay-color":"","overlay-gradient":""},"tablet":{"background-color":"","background-image":"","background-repeat":"repeat","background-position":"center center","background-size":"auto","background-attachment":"scroll","background-type":"","background-media":"","overlay-type":"","overlay-color":"","overlay-gradient":""},"mobile":{"background-color":"","background-image":"","background-repeat":"repeat","background-position":"center center","background-size":"auto","background-attachment":"scroll","background-type":"","background-media":"","overlay-type":"","overlay-color":"","overlay-gradient":""}},"ast-content-background-meta":{"desktop":{"background-color":"var(--ast-global-color-5)","background-image":"","background-repeat":"repeat","background-position":"center center","background-size":"auto","background-attachment":"scroll","background-type":"","background-media":"","overlay-type":"","overlay-color":"","overlay-gradient":""},"tablet":{"background-color":"var(--ast-global-color-5)","background-image":"","background-repeat":"repeat","background-position":"center center","background-size":"auto","background-attachment":"scroll","background-type":"","background-media":"","overlay-type":"","overlay-color":"","overlay-gradient":""},"mobile":{"background-color":"var(--ast-global-color-5)","background-image":"","background-repeat":"repeat","background-position":"center center","background-size":"auto","background-attachment":"scroll","background-type":"","background-media":"","overlay-type":"","overlay-color":"","overlay-gradient":""}},"footnotes":""},"class_list":["post-2844","page","type-page","status-publish","hentry"],"_links":{"self":[{"href":"https:\/\/levendetalenspaans.nl\/wordpress\/wp-json\/wp\/v2\/pages\/2844","targetHints":{"allow":["GET"]}}],"collection":[{"href":"https:\/\/levendetalenspaans.nl\/wordpress\/wp-json\/wp\/v2\/pages"}],"about":[{"href":"https:\/\/levendetalenspaans.nl\/wordpress\/wp-json\/wp\/v2\/types\/page"}],"author":[{"embeddable":true,"href":"https:\/\/levendetalenspaans.nl\/wordpress\/wp-json\/wp\/v2\/users\/3"}],"replies":[{"embeddable":true,"href":"https:\/\/levendetalenspaans.nl\/wordpress\/wp-json\/wp\/v2\/comments?post=2844"}],"version-history":[{"count":12,"href":"https:\/\/levendetalenspaans.nl\/wordpress\/wp-json\/wp\/v2\/pages\/2844\/revisions"}],"predecessor-version":[{"id":3339,"href":"https:\/\/levendetalenspaans.nl\/wordpress\/wp-json\/wp\/v2\/pages\/2844\/revisions\/3339"}],"wp:attachment":[{"href":"https:\/\/levendetalenspaans.nl\/wordpress\/wp-json\/wp\/v2\/media?parent=2844"}],"curies":[{"name":"wp","href":"https:\/\/api.w.org\/{rel}","templated":true}]}}