{"id":2762,"date":"2026-01-04T13:35:58","date_gmt":"2026-01-04T12:35:58","guid":{"rendered":"https:\/\/levendetalenspaans.nl\/wordpress\/?page_id=2762"},"modified":"2026-01-13T09:43:18","modified_gmt":"2026-01-13T08:43:18","slug":"anabel-gonzalez-garcia","status":"publish","type":"page","link":"https:\/\/levendetalenspaans.nl\/wordpress\/anabel-gonzalez-garcia\/","title":{"rendered":"Anabel Gonz\u00e1lez Garc\u00eda"},"content":{"rendered":"\t\t<div data-elementor-type=\"wp-page\" data-elementor-id=\"2762\" class=\"elementor elementor-2762\">\n\t\t\t\t<div class=\"elementor-element elementor-element-550df049 e-flex e-con-boxed e-con e-parent\" data-id=\"550df049\" data-element_type=\"container\" data-settings=\"{&quot;content_width&quot;:&quot;boxed&quot;}\" data-core-v316-plus=\"true\">\n\t\t\t\t\t<div class=\"e-con-inner\">\n\t\t\t\t<div class=\"elementor-element elementor-element-00d1725 elementor-widget elementor-widget-text-editor\" data-id=\"00d1725\" data-element_type=\"widget\" data-widget_type=\"text-editor.default\">\n\t\t\t\t<div class=\"elementor-widget-container\">\n\t\t\t<style>\/*! elementor - v3.19.0 - 07-02-2024 *\/\n.elementor-widget-text-editor.elementor-drop-cap-view-stacked .elementor-drop-cap{background-color:#69727d;color:#fff}.elementor-widget-text-editor.elementor-drop-cap-view-framed .elementor-drop-cap{color:#69727d;border:3px solid;background-color:transparent}.elementor-widget-text-editor:not(.elementor-drop-cap-view-default) .elementor-drop-cap{margin-top:8px}.elementor-widget-text-editor:not(.elementor-drop-cap-view-default) .elementor-drop-cap-letter{width:1em;height:1em}.elementor-widget-text-editor .elementor-drop-cap{float:left;text-align:center;line-height:1;font-size:50px}.elementor-widget-text-editor .elementor-drop-cap-letter{display:inline-block}<\/style>\t\t\t\t<h4><strong>Anabel Gonz\u00e1lez Garc\u00eda<\/strong><\/h4>\n<p><a href=\"https:\/\/levendetalenspaans.nl\/wordpress\/anabelgarcia\/\" rel=\"attachment wp-att-2943\"><img fetchpriority=\"high\" decoding=\"async\" class=\"size-medium wp-image-2943 aligncenter\" src=\"https:\/\/levendetalenspaans.nl\/wordpress\/wp-content\/uploads\/2026\/01\/anabelgarcia-217x300.jpg\" alt=\"\" width=\"217\" height=\"300\" srcset=\"https:\/\/levendetalenspaans.nl\/wordpress\/wp-content\/uploads\/2026\/01\/anabelgarcia-217x300.jpg 217w, https:\/\/levendetalenspaans.nl\/wordpress\/wp-content\/uploads\/2026\/01\/anabelgarcia.jpg 448w\" sizes=\"(max-width: 217px) 100vw, 217px\" \/><\/a><\/p>\n<p data-start=\"198\" data-end=\"476\">Anabel es graduada en Filolog\u00eda Hisp\u00e1nica por la Universidad de Salamanca y cuenta con un Doble M\u00e1ster Internacional en Ense\u00f1anza del Espa\u00f1ol como Lengua Extranjera y Ling\u00fc\u00edstica Espa\u00f1ola por la Universidad de Salamanca y la Universidad de Bohemia del Sur (Rep\u00fablica Checa).<\/p>\n<p data-start=\"478\" data-end=\"745\">Su trayectoria profesional la ha llevado a formarse y a desarrollarse en distintos \u00e1mbitos del ELE, tanto en contextos presenciales como en l\u00ednea, trabajando con perfiles de estudiantes muy diversos, desde el turismo idiom\u00e1tico hasta el espa\u00f1ol con fines espec\u00edficos.<\/p>\n<p data-start=\"747\" data-end=\"1289\">Actualmente es jefa de estudios y coordinadora acad\u00e9mica en la Fundaci\u00f3n de la Lengua Espa\u00f1ola en Valladolid, donde tambi\u00e9n ejerce como profesora de ELE con estudiantes en contextos de inmersi\u00f3n ling\u00fc\u00edstica y cultural. Su experiencia incluye la creaci\u00f3n de materiales did\u00e1cticos, colaboraciones con la Universidad de Poitiers en proyectos de t\u00e1ndem, la ense\u00f1anza reglada de ELE en distintos pa\u00edses europeos, como el Reino Unido y la Rep\u00fablica Checa, as\u00ed como la docencia de espa\u00f1ol profesional para empresas espa\u00f1olas en territorio portugu\u00e9s.<\/p>\n<p data-start=\"1291\" data-end=\"1701\">Adem\u00e1s, est\u00e1 acreditada como examinadora DELE para los niveles A y B y como calificadora de pruebas de expresi\u00f3n escrita en todos los niveles. Su inter\u00e9s por la did\u00e1ctica del ELE la ha llevado a una formaci\u00f3n continua en \u00e1reas clave para la ense\u00f1anza del idioma, participando en seminarios sobre creaci\u00f3n de materiales, ense\u00f1anza del espa\u00f1ol coloquial, evaluaci\u00f3n ling\u00fc\u00edstica y uso de la tecnolog\u00eda en el aula.<\/p>\n<p><!-- \/wp:paragraph --><\/p>\n<p><!-- wp:paragraph --><\/p>\n<p><!-- \/wp:paragraph --><\/p>\n<p><!-- wp:paragraph --><\/p>\n<p><!-- \/wp:paragraph --><\/p>\n<p><!-- wp:image {\"align\":\"center\",\"id\":2392,\"width\":\"538px\",\"height\":\"auto\",\"aspectRatio\":\"1.5\",\"scale\":\"cover\",\"sizeSlug\":\"full\",\"linkDestination\":\"none\"} --><\/p>\n<figure><\/figure>\n<p><!-- \/wp:image --><\/p>\n<p><!-- wp:paragraph --><\/p>\n<p><!-- wp:paragraph --><\/p>\n<p><!-- \/wp:paragraph --><\/p>\n<p><!-- wp:paragraph --><\/p>\n<p><!-- \/wp:paragraph --><\/p>\n<p><!-- wp:paragraph --><\/p>\n<p>\u00a0<\/p>\n<p><!-- \/wp:paragraph --><\/p>\n<p><!-- wp:paragraph --><\/p>\n<p><!-- \/wp:paragraph --><\/p>\n<p><!-- wp:paragraph --><\/p>\n<p><!-- \/wp:paragraph --><\/p>\n<p><!-- wp:paragraph --><\/p>\n<p><!-- \/wp:paragraph --><\/p>\t\t\t\t\t\t<\/div>\n\t\t\t\t<\/div>\n\t\t\t\t<div class=\"elementor-element elementor-element-45da961c elementor-widget elementor-widget-text-editor\" data-id=\"45da961c\" data-element_type=\"widget\" data-widget_type=\"text-editor.default\">\n\t\t\t\t<div class=\"elementor-widget-container\">\n\t\t\t\t\t\t\t\t\t\t\t\t\t<\/div>\n\t\t\t\t<\/div>\n\t\t\t\t\t<\/div>\n\t\t\t\t<\/div>\n\t\t<div class=\"elementor-element elementor-element-1a91366 e-flex e-con-boxed e-con e-parent\" data-id=\"1a91366\" data-element_type=\"container\" data-settings=\"{&quot;content_width&quot;:&quot;boxed&quot;}\" data-core-v316-plus=\"true\">\n\t\t\t\t\t<div class=\"e-con-inner\">\n\t\t\t\t\t<\/div>\n\t\t\t\t<\/div>\n\t\t\t\t<\/div>\n\t\t","protected":false},"excerpt":{"rendered":"<p>Anabel Gonz\u00e1lez Garc\u00eda Anabel es graduada en Filolog\u00eda Hisp\u00e1nica por la Universidad de Salamanca y cuenta con un Doble M\u00e1ster Internacional en Ense\u00f1anza del Espa\u00f1ol como Lengua Extranjera y Ling\u00fc\u00edstica Espa\u00f1ola por la Universidad de Salamanca y la Universidad de Bohemia del Sur (Rep\u00fablica Checa). Su trayectoria profesional la ha llevado a formarse y a [&hellip;]<\/p>\n","protected":false},"author":3,"featured_media":0,"parent":0,"menu_order":0,"comment_status":"closed","ping_status":"closed","template":"","meta":{"site-sidebar-layout":"default","site-content-layout":"","ast-site-content-layout":"default","site-content-style":"default","site-sidebar-style":"default","ast-global-header-display":"","ast-banner-title-visibility":"","ast-main-header-display":"","ast-hfb-above-header-display":"","ast-hfb-below-header-display":"","ast-hfb-mobile-header-display":"","site-post-title":"","ast-breadcrumbs-content":"","ast-featured-img":"","footer-sml-layout":"","theme-transparent-header-meta":"","adv-header-id-meta":"","stick-header-meta":"","header-above-stick-meta":"","header-main-stick-meta":"","header-below-stick-meta":"","astra-migrate-meta-layouts":"set","ast-page-background-enabled":"default","ast-page-background-meta":{"desktop":{"background-color":"var(--ast-global-color-4)","background-image":"","background-repeat":"repeat","background-position":"center center","background-size":"auto","background-attachment":"scroll","background-type":"","background-media":"","overlay-type":"","overlay-color":"","overlay-gradient":""},"tablet":{"background-color":"","background-image":"","background-repeat":"repeat","background-position":"center center","background-size":"auto","background-attachment":"scroll","background-type":"","background-media":"","overlay-type":"","overlay-color":"","overlay-gradient":""},"mobile":{"background-color":"","background-image":"","background-repeat":"repeat","background-position":"center center","background-size":"auto","background-attachment":"scroll","background-type":"","background-media":"","overlay-type":"","overlay-color":"","overlay-gradient":""}},"ast-content-background-meta":{"desktop":{"background-color":"var(--ast-global-color-5)","background-image":"","background-repeat":"repeat","background-position":"center center","background-size":"auto","background-attachment":"scroll","background-type":"","background-media":"","overlay-type":"","overlay-color":"","overlay-gradient":""},"tablet":{"background-color":"var(--ast-global-color-5)","background-image":"","background-repeat":"repeat","background-position":"center center","background-size":"auto","background-attachment":"scroll","background-type":"","background-media":"","overlay-type":"","overlay-color":"","overlay-gradient":""},"mobile":{"background-color":"var(--ast-global-color-5)","background-image":"","background-repeat":"repeat","background-position":"center center","background-size":"auto","background-attachment":"scroll","background-type":"","background-media":"","overlay-type":"","overlay-color":"","overlay-gradient":""}},"footnotes":""},"class_list":["post-2762","page","type-page","status-publish","hentry"],"_links":{"self":[{"href":"https:\/\/levendetalenspaans.nl\/wordpress\/wp-json\/wp\/v2\/pages\/2762","targetHints":{"allow":["GET"]}}],"collection":[{"href":"https:\/\/levendetalenspaans.nl\/wordpress\/wp-json\/wp\/v2\/pages"}],"about":[{"href":"https:\/\/levendetalenspaans.nl\/wordpress\/wp-json\/wp\/v2\/types\/page"}],"author":[{"embeddable":true,"href":"https:\/\/levendetalenspaans.nl\/wordpress\/wp-json\/wp\/v2\/users\/3"}],"replies":[{"embeddable":true,"href":"https:\/\/levendetalenspaans.nl\/wordpress\/wp-json\/wp\/v2\/comments?post=2762"}],"version-history":[{"count":14,"href":"https:\/\/levendetalenspaans.nl\/wordpress\/wp-json\/wp\/v2\/pages\/2762\/revisions"}],"predecessor-version":[{"id":3332,"href":"https:\/\/levendetalenspaans.nl\/wordpress\/wp-json\/wp\/v2\/pages\/2762\/revisions\/3332"}],"wp:attachment":[{"href":"https:\/\/levendetalenspaans.nl\/wordpress\/wp-json\/wp\/v2\/media?parent=2762"}],"curies":[{"name":"wp","href":"https:\/\/api.w.org\/{rel}","templated":true}]}}