{"id":2719,"date":"2026-01-04T11:29:26","date_gmt":"2026-01-04T10:29:26","guid":{"rendered":"https:\/\/levendetalenspaans.nl\/wordpress\/?page_id=2719"},"modified":"2026-01-13T09:44:22","modified_gmt":"2026-01-13T08:44:22","slug":"sebastiaan-donszelmann","status":"publish","type":"page","link":"https:\/\/levendetalenspaans.nl\/wordpress\/sebastiaan-donszelmann\/","title":{"rendered":"Sebastiaan D\u00f6nszelmann"},"content":{"rendered":"\t\t<div data-elementor-type=\"wp-page\" data-elementor-id=\"2719\" class=\"elementor elementor-2719\">\n\t\t\t\t<div class=\"elementor-element elementor-element-550df049 e-con-full e-flex e-con e-parent\" data-id=\"550df049\" data-element_type=\"container\" data-settings=\"{&quot;content_width&quot;:&quot;full&quot;}\" data-core-v316-plus=\"true\">\n\t\t\t\t<div class=\"elementor-element elementor-element-00d1725 elementor-widget elementor-widget-text-editor\" data-id=\"00d1725\" data-element_type=\"widget\" data-widget_type=\"text-editor.default\">\n\t\t\t\t<div class=\"elementor-widget-container\">\n\t\t\t<style>\/*! elementor - v3.19.0 - 07-02-2024 *\/\n.elementor-widget-text-editor.elementor-drop-cap-view-stacked .elementor-drop-cap{background-color:#69727d;color:#fff}.elementor-widget-text-editor.elementor-drop-cap-view-framed .elementor-drop-cap{color:#69727d;border:3px solid;background-color:transparent}.elementor-widget-text-editor:not(.elementor-drop-cap-view-default) .elementor-drop-cap{margin-top:8px}.elementor-widget-text-editor:not(.elementor-drop-cap-view-default) .elementor-drop-cap-letter{width:1em;height:1em}.elementor-widget-text-editor .elementor-drop-cap{float:left;text-align:center;line-height:1;font-size:50px}.elementor-widget-text-editor .elementor-drop-cap-letter{display:inline-block}<\/style>\t\t\t\t<h4>Sebastiaan D\u00f6nszelmann<\/h4>\n<p>\u00a0<\/p>\n<p><strong>Sebastiaan D\u00f6nszelmann<\/strong> es profesor de franc\u00e9s de formaci\u00f3n, actividad que durante muchos a\u00f1os combin\u00f3 con su labor como especialista en did\u00e1ctica de las lenguas modernas en la Vrije Universiteit Amsterdam. Se doctor\u00f3 en did\u00e1ctica de la lengua meta y en el proceso did\u00e1ctico de aprendizaje del profesorado.<\/p>\n<p>Es editor y coautor del <em>Handboek Vreemdetalendidactiek<\/em> (2020, Coutinho) y autor del <em>Handboek Doeltaaldidactiek<\/em> (2024, Coutinho). Actualmente trabaja como asesor en Noordhoff para los m\u00e9todos de lenguas extranjeras y est\u00e1 implicado en la renovaci\u00f3n curricular nacional de las lenguas modernas (SLO). Publica con regularidad y ofrece cursos y conferencias sobre did\u00e1ctica de la lengua meta, conciencia ling\u00fc\u00edstica y el futuro de la ense\u00f1anza de lenguas extranjeras.<\/p>\n<p>\u00a0<\/p>\n<p><span lang=\"ES\"><img fetchpriority=\"high\" decoding=\"async\" class=\"size-medium wp-image-2721 aligncenter\" src=\"https:\/\/levendetalenspaans.nl\/wordpress\/wp-content\/uploads\/2026\/01\/Sebastian-300x293.jpg\" alt=\"\" width=\"300\" height=\"293\" srcset=\"https:\/\/levendetalenspaans.nl\/wordpress\/wp-content\/uploads\/2026\/01\/Sebastian-300x293.jpg 300w, https:\/\/levendetalenspaans.nl\/wordpress\/wp-content\/uploads\/2026\/01\/Sebastian-1024x999.jpg 1024w, https:\/\/levendetalenspaans.nl\/wordpress\/wp-content\/uploads\/2026\/01\/Sebastian-768x749.jpg 768w, https:\/\/levendetalenspaans.nl\/wordpress\/wp-content\/uploads\/2026\/01\/Sebastian.jpg 1512w\" sizes=\"(max-width: 300px) 100vw, 300px\" \/><\/span><\/p>\n<p><!-- \/wp:paragraph --><\/p>\n<p><!-- wp:paragraph --><\/p>\n<p><!-- \/wp:paragraph --><\/p>\n<p><!-- wp:paragraph --><\/p>\n<p><!-- \/wp:paragraph --><\/p>\n<p><!-- wp:image {\"align\":\"center\",\"id\":2392,\"width\":\"538px\",\"height\":\"auto\",\"aspectRatio\":\"1.5\",\"scale\":\"cover\",\"sizeSlug\":\"full\",\"linkDestination\":\"none\"} --><\/p>\n<figure><\/figure>\n<p><!-- \/wp:image --><\/p>\n<p><!-- wp:paragraph --><\/p>\n<p><!-- wp:paragraph --><\/p>\n<p>\u00a0<\/p>\n<p>Sebastiaan D\u00f6nszelmann is van origine docent Frans, iets wat hij lang gecombineerd heeft met zijn baan als vakdidacticus mvt op de Vrije Universiteit Amsterdam. Hij promoveerde op doeltaaldidactiek en het didactisch leerproces van docenten. Sebastiaan is redacteur en medeauteur van <em>Handboek Vreemdetalendidactiek<\/em> (2020, Coutinho) en auteur van <em>Handboek Doeltaaldidactiek<\/em> (2024, Coutinho). Sebastiaan is adviseur bij Noordhoff voor de vreemdetalenleergangen en hij is betrokken bij de landelijke vakvernieuwing moderne vreemde talen (SLO). Hij publiceert en geeft veelvuldig cursussen en lezingen over doeltaaldidactiek, over taalbewustzijn en over de toekomst van het vreemdetalenonderwijs. E-mail: <a href=\"mailto:s.donszelmann@vu.nl\">s.donszelmann@vu.nl<\/a>.<\/p>\n<p><!-- \/wp:paragraph --><\/p>\n<p><!-- wp:paragraph --><\/p>\n<p><!-- \/wp:paragraph --><\/p>\n<p><!-- wp:paragraph --><\/p>\n<p>\u00a0<\/p>\n<p><!-- \/wp:paragraph --><\/p>\n<p><!-- wp:paragraph --><\/p>\n<p><!-- \/wp:paragraph --><\/p>\n<p><!-- wp:paragraph --><\/p>\n<p><!-- \/wp:paragraph --><\/p>\n<p><!-- wp:paragraph --><\/p>\n<p><!-- \/wp:paragraph --><\/p>\t\t\t\t\t\t<\/div>\n\t\t\t\t<\/div>\n\t\t\t\t<div class=\"elementor-element elementor-element-45da961c elementor-widget elementor-widget-text-editor\" data-id=\"45da961c\" data-element_type=\"widget\" data-widget_type=\"text-editor.default\">\n\t\t\t\t<div class=\"elementor-widget-container\">\n\t\t\t\t\t\t\t\t\t\t\t\t\t<\/div>\n\t\t\t\t<\/div>\n\t\t\t\t<\/div>\n\t\t\t\t<\/div>\n\t\t","protected":false},"excerpt":{"rendered":"<p>Sebastiaan D\u00f6nszelmann \u00a0 Sebastiaan D\u00f6nszelmann es profesor de franc\u00e9s de formaci\u00f3n, actividad que durante muchos a\u00f1os combin\u00f3 con su labor como especialista en did\u00e1ctica de las lenguas modernas en la Vrije Universiteit Amsterdam. Se doctor\u00f3 en did\u00e1ctica de la lengua meta y en el proceso did\u00e1ctico de aprendizaje del profesorado. Es editor y coautor del [&hellip;]<\/p>\n","protected":false},"author":3,"featured_media":0,"parent":0,"menu_order":0,"comment_status":"closed","ping_status":"closed","template":"","meta":{"site-sidebar-layout":"default","site-content-layout":"","ast-site-content-layout":"default","site-content-style":"default","site-sidebar-style":"default","ast-global-header-display":"","ast-banner-title-visibility":"","ast-main-header-display":"","ast-hfb-above-header-display":"","ast-hfb-below-header-display":"","ast-hfb-mobile-header-display":"","site-post-title":"","ast-breadcrumbs-content":"","ast-featured-img":"","footer-sml-layout":"","theme-transparent-header-meta":"","adv-header-id-meta":"","stick-header-meta":"","header-above-stick-meta":"","header-main-stick-meta":"","header-below-stick-meta":"","astra-migrate-meta-layouts":"set","ast-page-background-enabled":"default","ast-page-background-meta":{"desktop":{"background-color":"var(--ast-global-color-4)","background-image":"","background-repeat":"repeat","background-position":"center center","background-size":"auto","background-attachment":"scroll","background-type":"","background-media":"","overlay-type":"","overlay-color":"","overlay-gradient":""},"tablet":{"background-color":"","background-image":"","background-repeat":"repeat","background-position":"center center","background-size":"auto","background-attachment":"scroll","background-type":"","background-media":"","overlay-type":"","overlay-color":"","overlay-gradient":""},"mobile":{"background-color":"","background-image":"","background-repeat":"repeat","background-position":"center center","background-size":"auto","background-attachment":"scroll","background-type":"","background-media":"","overlay-type":"","overlay-color":"","overlay-gradient":""}},"ast-content-background-meta":{"desktop":{"background-color":"var(--ast-global-color-5)","background-image":"","background-repeat":"repeat","background-position":"center center","background-size":"auto","background-attachment":"scroll","background-type":"","background-media":"","overlay-type":"","overlay-color":"","overlay-gradient":""},"tablet":{"background-color":"var(--ast-global-color-5)","background-image":"","background-repeat":"repeat","background-position":"center center","background-size":"auto","background-attachment":"scroll","background-type":"","background-media":"","overlay-type":"","overlay-color":"","overlay-gradient":""},"mobile":{"background-color":"var(--ast-global-color-5)","background-image":"","background-repeat":"repeat","background-position":"center center","background-size":"auto","background-attachment":"scroll","background-type":"","background-media":"","overlay-type":"","overlay-color":"","overlay-gradient":""}},"footnotes":""},"class_list":["post-2719","page","type-page","status-publish","hentry"],"_links":{"self":[{"href":"https:\/\/levendetalenspaans.nl\/wordpress\/wp-json\/wp\/v2\/pages\/2719","targetHints":{"allow":["GET"]}}],"collection":[{"href":"https:\/\/levendetalenspaans.nl\/wordpress\/wp-json\/wp\/v2\/pages"}],"about":[{"href":"https:\/\/levendetalenspaans.nl\/wordpress\/wp-json\/wp\/v2\/types\/page"}],"author":[{"embeddable":true,"href":"https:\/\/levendetalenspaans.nl\/wordpress\/wp-json\/wp\/v2\/users\/3"}],"replies":[{"embeddable":true,"href":"https:\/\/levendetalenspaans.nl\/wordpress\/wp-json\/wp\/v2\/comments?post=2719"}],"version-history":[{"count":8,"href":"https:\/\/levendetalenspaans.nl\/wordpress\/wp-json\/wp\/v2\/pages\/2719\/revisions"}],"predecessor-version":[{"id":3338,"href":"https:\/\/levendetalenspaans.nl\/wordpress\/wp-json\/wp\/v2\/pages\/2719\/revisions\/3338"}],"wp:attachment":[{"href":"https:\/\/levendetalenspaans.nl\/wordpress\/wp-json\/wp\/v2\/media?parent=2719"}],"curies":[{"name":"wp","href":"https:\/\/api.w.org\/{rel}","templated":true}]}}