{"id":2713,"date":"2026-01-04T11:20:07","date_gmt":"2026-01-04T10:20:07","guid":{"rendered":"https:\/\/levendetalenspaans.nl\/wordpress\/?page_id=2713"},"modified":"2026-01-13T09:43:40","modified_gmt":"2026-01-13T08:43:40","slug":"cecilia-amaya","status":"publish","type":"page","link":"https:\/\/levendetalenspaans.nl\/wordpress\/cecilia-amaya\/","title":{"rendered":"Cecilia Amaya"},"content":{"rendered":"\t\t<div data-elementor-type=\"wp-page\" data-elementor-id=\"2713\" class=\"elementor elementor-2713\">\n\t\t\t\t<div class=\"elementor-element elementor-element-550df049 e-flex e-con-boxed e-con e-parent\" data-id=\"550df049\" data-element_type=\"container\" data-settings=\"{&quot;content_width&quot;:&quot;boxed&quot;}\" data-core-v316-plus=\"true\">\n\t\t\t\t\t<div class=\"e-con-inner\">\n\t\t\t\t<div class=\"elementor-element elementor-element-00d1725 elementor-widget elementor-widget-text-editor\" data-id=\"00d1725\" data-element_type=\"widget\" data-widget_type=\"text-editor.default\">\n\t\t\t\t<div class=\"elementor-widget-container\">\n\t\t\t<style>\/*! elementor - v3.19.0 - 07-02-2024 *\/\n.elementor-widget-text-editor.elementor-drop-cap-view-stacked .elementor-drop-cap{background-color:#69727d;color:#fff}.elementor-widget-text-editor.elementor-drop-cap-view-framed .elementor-drop-cap{color:#69727d;border:3px solid;background-color:transparent}.elementor-widget-text-editor:not(.elementor-drop-cap-view-default) .elementor-drop-cap{margin-top:8px}.elementor-widget-text-editor:not(.elementor-drop-cap-view-default) .elementor-drop-cap-letter{width:1em;height:1em}.elementor-widget-text-editor .elementor-drop-cap{float:left;text-align:center;line-height:1;font-size:50px}.elementor-widget-text-editor .elementor-drop-cap-letter{display:inline-block}<\/style>\t\t\t\t<h4><span class=\"TextRun SCXW239216788 BCX8\" lang=\"ES-ES\" xml:lang=\"ES-ES\" data-contrast=\"auto\"><span class=\"NormalTextRun SCXW239216788 BCX8\">Amaya Gasull Fern\u00e1ndez<\/span><\/span><\/h4>\n<p>Amaya de Igoroin, espa\u00f1ola, es fundadora y directora de La Espa\u00f1ola Taalinstituut, creadora del M\u00e9todo Fant\u00e1stico y autora de una amplia colecci\u00f3n de lecturas graduadas. Formada en la Universidad Pontificia de Salamanca, est\u00e1 especializada en un enfoque de aprendizaje din\u00e1mico, motivador y altamente eficaz. Adem\u00e1s, cuenta con 25 a\u00f1os de experiencia como docente de ELE, que respaldan la calidad y solidez de su propuesta educativa.<\/p>\n<p><a href=\"https:\/\/levendetalenspaans.nl\/wordpress\/amaya-1\/\" rel=\"attachment wp-att-2956\"><img fetchpriority=\"high\" decoding=\"async\" class=\"size-medium wp-image-2956 aligncenter\" src=\"https:\/\/levendetalenspaans.nl\/wordpress\/wp-content\/uploads\/2026\/01\/Amaya-1-225x300.jpg\" alt=\"\" width=\"225\" height=\"300\" srcset=\"https:\/\/levendetalenspaans.nl\/wordpress\/wp-content\/uploads\/2026\/01\/Amaya-1-225x300.jpg 225w, https:\/\/levendetalenspaans.nl\/wordpress\/wp-content\/uploads\/2026\/01\/Amaya-1-768x1024.jpg 768w, https:\/\/levendetalenspaans.nl\/wordpress\/wp-content\/uploads\/2026\/01\/Amaya-1-1152x1536.jpg 1152w, https:\/\/levendetalenspaans.nl\/wordpress\/wp-content\/uploads\/2026\/01\/Amaya-1-1536x2048.jpg 1536w, https:\/\/levendetalenspaans.nl\/wordpress\/wp-content\/uploads\/2026\/01\/Amaya-1-scaled.jpg 1920w\" sizes=\"(max-width: 225px) 100vw, 225px\" \/><\/a><\/p>\n<p><span lang=\"ES\"> Amaya de Igoroin, van Spaanse afkomst, is oprichter en directeur van La Espa\u00f1ola Taalinstituut, bedenker van de M\u00e9todo Fant\u00e1stico en auteur van een uitgebreide collectie graded readers. Zij is opgeleid aan de Universidad Pontificia de Salamanca en is gespecialiseerd in een dynamische, motiverende en zeer effectieve leerbenadering. Daarnaast beschikt zij over 25 jaar ervaring als docent Spaans als vreemde taal (ELE), wat de kwaliteit en stevigheid van haar onderwijsvisie onderstreept.<\/span><\/p>\n<p>\u00a0<\/p>\n<p><!-- \/wp:paragraph --><\/p>\n<p><!-- wp:paragraph --><\/p>\n<p><!-- \/wp:paragraph --><\/p>\n<p><!-- wp:paragraph --><\/p>\n<p><!-- \/wp:paragraph --><\/p>\n<p><!-- wp:image {\"align\":\"center\",\"id\":2392,\"width\":\"538px\",\"height\":\"auto\",\"aspectRatio\":\"1.5\",\"scale\":\"cover\",\"sizeSlug\":\"full\",\"linkDestination\":\"none\"} --><\/p>\n<figure><\/figure>\n<p><!-- \/wp:image --><\/p>\n<p><!-- wp:paragraph --><\/p>\n<p><!-- wp:paragraph --><\/p>\n<div data-olk-copy-source=\"MessageBody\">\u00a0<\/div>\n<div data-olk-copy-source=\"MessageBody\">\n<h4>Mar\u00eda Cecilia Mazullo<\/h4>\n<div>Mar\u00eda Cecilia nacida en Uruguay, es t\u00e9cnica en Comunicaci\u00f3n Social, Periodismo y Marketing. Ha trabajado en producci\u00f3n televisiva y en talleres literarios, y actualmente se desempe\u00f1a como coordinadora y jefa de estudios de La Espa\u00f1ola Taalinstituut. Su experiencia multidisciplinar en comunicaci\u00f3n y educaci\u00f3n aporta solidez, creatividad y una visi\u00f3n integral en el \u00e1mbito del ELE.<\/div>\n<p><!-- \/wp:paragraph --><\/p>\n<p><!-- wp:paragraph --><\/p>\n<p><!-- \/wp:paragraph --><\/p>\n<p><!-- wp:paragraph --><\/p>\n<p>\u00a0<\/p>\n<\/div>\n<div data-olk-copy-source=\"MessageBody\">\u00a0<\/div>\n<div data-olk-copy-source=\"MessageBody\"><a href=\"https:\/\/levendetalenspaans.nl\/wordpress\/cecilia-1\/\" rel=\"attachment wp-att-2957\"><img decoding=\"async\" class=\"size-medium wp-image-2957 aligncenter\" src=\"https:\/\/levendetalenspaans.nl\/wordpress\/wp-content\/uploads\/2026\/01\/Cecilia-1-300x300.jpg\" alt=\"\" width=\"300\" height=\"300\" srcset=\"https:\/\/levendetalenspaans.nl\/wordpress\/wp-content\/uploads\/2026\/01\/Cecilia-1-300x300.jpg 300w, https:\/\/levendetalenspaans.nl\/wordpress\/wp-content\/uploads\/2026\/01\/Cecilia-1-1024x1024.jpg 1024w, https:\/\/levendetalenspaans.nl\/wordpress\/wp-content\/uploads\/2026\/01\/Cecilia-1-150x150.jpg 150w, https:\/\/levendetalenspaans.nl\/wordpress\/wp-content\/uploads\/2026\/01\/Cecilia-1-768x768.jpg 768w, https:\/\/levendetalenspaans.nl\/wordpress\/wp-content\/uploads\/2026\/01\/Cecilia-1-1536x1536.jpg 1536w, https:\/\/levendetalenspaans.nl\/wordpress\/wp-content\/uploads\/2026\/01\/Cecilia-1-2048x2048.jpg 2048w\" sizes=\"(max-width: 300px) 100vw, 300px\" \/><\/a><\/div>\n<div aria-hidden=\"true\">\u00a0<\/div>\n<p>Mar\u00eda Cecilia, geboren in Uruguay, is technisch opgeleid in Sociale Communicatie, Journalistiek en Marketing. Zij heeft gewerkt in televisieproductie en in literaire workshops en is momenteel co\u00f6rdinator en hoofd opleidingen bij La Espa\u00f1ola Taalinstituut. Haar multidisciplinaire ervaring op het snijvlak van communicatie en onderwijs brengt stevigheid, creativiteit en een integrale visie binnen het domein van Spaans als vreemde taal (ELE).<\/p>\n<p><!-- \/wp:paragraph --><\/p>\n<p><!-- wp:paragraph --><\/p>\n<p><!-- \/wp:paragraph --><\/p>\n<p><!-- wp:paragraph --><\/p>\n<p><!-- \/wp:paragraph --><\/p>\n<p><!-- wp:paragraph --><\/p>\n<p><!-- \/wp:paragraph --><\/p>\t\t\t\t\t\t<\/div>\n\t\t\t\t<\/div>\n\t\t\t\t<div class=\"elementor-element elementor-element-45da961c elementor-widget elementor-widget-text-editor\" data-id=\"45da961c\" data-element_type=\"widget\" data-widget_type=\"text-editor.default\">\n\t\t\t\t<div class=\"elementor-widget-container\">\n\t\t\t\t\t\t\t\t\t\t\t\t\t<\/div>\n\t\t\t\t<\/div>\n\t\t\t\t\t<\/div>\n\t\t\t\t<\/div>\n\t\t\t\t<\/div>\n\t\t","protected":false},"excerpt":{"rendered":"<p>Amaya Gasull Fern\u00e1ndez Amaya de Igoroin, espa\u00f1ola, es fundadora y directora de La Espa\u00f1ola Taalinstituut, creadora del M\u00e9todo Fant\u00e1stico y autora de una amplia colecci\u00f3n de lecturas graduadas. Formada en la Universidad Pontificia de Salamanca, est\u00e1 especializada en un enfoque de aprendizaje din\u00e1mico, motivador y altamente eficaz. Adem\u00e1s, cuenta con 25 a\u00f1os de experiencia como [&hellip;]<\/p>\n","protected":false},"author":3,"featured_media":0,"parent":0,"menu_order":0,"comment_status":"closed","ping_status":"closed","template":"","meta":{"site-sidebar-layout":"default","site-content-layout":"","ast-site-content-layout":"default","site-content-style":"default","site-sidebar-style":"default","ast-global-header-display":"","ast-banner-title-visibility":"","ast-main-header-display":"","ast-hfb-above-header-display":"","ast-hfb-below-header-display":"","ast-hfb-mobile-header-display":"","site-post-title":"","ast-breadcrumbs-content":"","ast-featured-img":"","footer-sml-layout":"","theme-transparent-header-meta":"","adv-header-id-meta":"","stick-header-meta":"","header-above-stick-meta":"","header-main-stick-meta":"","header-below-stick-meta":"","astra-migrate-meta-layouts":"set","ast-page-background-enabled":"default","ast-page-background-meta":{"desktop":{"background-color":"var(--ast-global-color-4)","background-image":"","background-repeat":"repeat","background-position":"center center","background-size":"auto","background-attachment":"scroll","background-type":"","background-media":"","overlay-type":"","overlay-color":"","overlay-gradient":""},"tablet":{"background-color":"","background-image":"","background-repeat":"repeat","background-position":"center center","background-size":"auto","background-attachment":"scroll","background-type":"","background-media":"","overlay-type":"","overlay-color":"","overlay-gradient":""},"mobile":{"background-color":"","background-image":"","background-repeat":"repeat","background-position":"center center","background-size":"auto","background-attachment":"scroll","background-type":"","background-media":"","overlay-type":"","overlay-color":"","overlay-gradient":""}},"ast-content-background-meta":{"desktop":{"background-color":"var(--ast-global-color-5)","background-image":"","background-repeat":"repeat","background-position":"center center","background-size":"auto","background-attachment":"scroll","background-type":"","background-media":"","overlay-type":"","overlay-color":"","overlay-gradient":""},"tablet":{"background-color":"var(--ast-global-color-5)","background-image":"","background-repeat":"repeat","background-position":"center center","background-size":"auto","background-attachment":"scroll","background-type":"","background-media":"","overlay-type":"","overlay-color":"","overlay-gradient":""},"mobile":{"background-color":"var(--ast-global-color-5)","background-image":"","background-repeat":"repeat","background-position":"center center","background-size":"auto","background-attachment":"scroll","background-type":"","background-media":"","overlay-type":"","overlay-color":"","overlay-gradient":""}},"footnotes":""},"class_list":["post-2713","page","type-page","status-publish","hentry"],"_links":{"self":[{"href":"https:\/\/levendetalenspaans.nl\/wordpress\/wp-json\/wp\/v2\/pages\/2713","targetHints":{"allow":["GET"]}}],"collection":[{"href":"https:\/\/levendetalenspaans.nl\/wordpress\/wp-json\/wp\/v2\/pages"}],"about":[{"href":"https:\/\/levendetalenspaans.nl\/wordpress\/wp-json\/wp\/v2\/types\/page"}],"author":[{"embeddable":true,"href":"https:\/\/levendetalenspaans.nl\/wordpress\/wp-json\/wp\/v2\/users\/3"}],"replies":[{"embeddable":true,"href":"https:\/\/levendetalenspaans.nl\/wordpress\/wp-json\/wp\/v2\/comments?post=2713"}],"version-history":[{"count":11,"href":"https:\/\/levendetalenspaans.nl\/wordpress\/wp-json\/wp\/v2\/pages\/2713\/revisions"}],"predecessor-version":[{"id":3334,"href":"https:\/\/levendetalenspaans.nl\/wordpress\/wp-json\/wp\/v2\/pages\/2713\/revisions\/3334"}],"wp:attachment":[{"href":"https:\/\/levendetalenspaans.nl\/wordpress\/wp-json\/wp\/v2\/media?parent=2713"}],"curies":[{"name":"wp","href":"https:\/\/api.w.org\/{rel}","templated":true}]}}