{"id":2696,"date":"2026-01-04T11:09:52","date_gmt":"2026-01-04T10:09:52","guid":{"rendered":"https:\/\/levendetalenspaans.nl\/wordpress\/?page_id=2696"},"modified":"2026-01-13T09:43:51","modified_gmt":"2026-01-13T08:43:51","slug":"elena-garcia","status":"publish","type":"page","link":"https:\/\/levendetalenspaans.nl\/wordpress\/elena-garcia\/","title":{"rendered":"Elena Garc\u00eda"},"content":{"rendered":"\t\t<div data-elementor-type=\"wp-page\" data-elementor-id=\"2696\" class=\"elementor elementor-2696\">\n\t\t\t\t<div class=\"elementor-element elementor-element-550df049 e-flex e-con-boxed e-con e-parent\" data-id=\"550df049\" data-element_type=\"container\" data-settings=\"{&quot;content_width&quot;:&quot;boxed&quot;}\" data-core-v316-plus=\"true\">\n\t\t\t\t\t<div class=\"e-con-inner\">\n\t\t\t\t<div class=\"elementor-element elementor-element-00d1725 elementor-widget elementor-widget-text-editor\" data-id=\"00d1725\" data-element_type=\"widget\" data-widget_type=\"text-editor.default\">\n\t\t\t\t<div class=\"elementor-widget-container\">\n\t\t\t<style>\/*! elementor - v3.19.0 - 07-02-2024 *\/\n.elementor-widget-text-editor.elementor-drop-cap-view-stacked .elementor-drop-cap{background-color:#69727d;color:#fff}.elementor-widget-text-editor.elementor-drop-cap-view-framed .elementor-drop-cap{color:#69727d;border:3px solid;background-color:transparent}.elementor-widget-text-editor:not(.elementor-drop-cap-view-default) .elementor-drop-cap{margin-top:8px}.elementor-widget-text-editor:not(.elementor-drop-cap-view-default) .elementor-drop-cap-letter{width:1em;height:1em}.elementor-widget-text-editor .elementor-drop-cap{float:left;text-align:center;line-height:1;font-size:50px}.elementor-widget-text-editor .elementor-drop-cap-letter{display:inline-block}<\/style>\t\t\t\t<h4>Elena Garc\u00eda<\/h4>\n<p data-pm-slice=\"1 1 []\">Elena Garc\u00eda es licenciada en Filolog\u00eda Alemana por la Universidad de\u00a0<span style=\"font-style: inherit; font-weight: inherit;\">Valladolid y profesora de espa\u00f1ol para extranjeros desde 2009. Durante 14\u00a0<\/span><span style=\"font-style: inherit; font-weight: inherit;\">a\u00f1os ha trabajado en CLIC International House Sevilla, cuenta con formaci\u00f3n\u00a0<\/span><span style=\"font-style: inherit; font-weight: inherit;\">espec\u00edfica de ELE y tambi\u00e9n es formadora de profesores de espa\u00f1ol de IH.\u00a0<\/span><span style=\"font-style: inherit; font-weight: inherit;\">Tiene un M\u00e1ster en Traducci\u00f3n Audiovisual y Textos Espec\u00edficos por la\u00a0<\/span><span style=\"font-style: inherit; font-weight: inherit;\">Universidad de Sevilla y ha sido profesora de alem\u00e1n e ingl\u00e9s en diferentes\u00a0<\/span><span style=\"font-style: inherit; font-weight: inherit;\">contextos educativos. Su propia experiencia aprendiendo otras lenguas es la\u00a0<\/span><span style=\"font-style: inherit; font-weight: inherit;\">que le ha permitido conocer los procesos de aprendizaje y tareas en el aula, as\u00ed\u00a0<\/span><span style=\"font-style: inherit; font-weight: inherit;\">como desarrollar gran empat\u00eda con cada estudiante. Es una apasionada de las\u00a0<\/span><span style=\"font-style: inherit; font-weight: inherit;\">lenguas y las palabras, sus ra\u00edces y etimolog\u00eda, aplic\u00e1ndolo siempre a la\u00a0<\/span><span style=\"font-style: inherit; font-weight: inherit;\">comunicaci\u00f3n real y aut\u00e9ntica. Actualmente es la coordinadora del\u00a0<\/span><span style=\"font-style: inherit; font-weight: inherit;\">departamento de espa\u00f1ol de International House Valladolid.<\/span><\/p>\n<p data-pm-slice=\"1 1 []\"><span style=\"font-style: inherit; font-weight: inherit;\">\u00a0<\/span><\/p>\n<p style=\"text-align: center;\"><a href=\"https:\/\/levendetalenspaans.nl\/wordpress\/elenegarcia\/\" rel=\"attachment wp-att-3250\"><img fetchpriority=\"high\" decoding=\"async\" class=\"alignnone size-medium wp-image-3250\" src=\"https:\/\/levendetalenspaans.nl\/wordpress\/wp-content\/uploads\/2026\/01\/EleneGarcia-197x300.jpg\" alt=\"\" width=\"197\" height=\"300\" srcset=\"https:\/\/levendetalenspaans.nl\/wordpress\/wp-content\/uploads\/2026\/01\/EleneGarcia-197x300.jpg 197w, https:\/\/levendetalenspaans.nl\/wordpress\/wp-content\/uploads\/2026\/01\/EleneGarcia-672x1024.jpg 672w, https:\/\/levendetalenspaans.nl\/wordpress\/wp-content\/uploads\/2026\/01\/EleneGarcia.jpg 744w\" sizes=\"(max-width: 197px) 100vw, 197px\" \/><\/a><\/p>\n<p><!-- \/wp:paragraph --><\/p>\n<p><!-- wp:paragraph --><\/p>\n<p><!-- \/wp:paragraph --><\/p>\n<p><!-- wp:paragraph --><\/p>\n<p><!-- \/wp:paragraph --><\/p>\n<p><!-- wp:image {\"align\":\"center\",\"id\":2392,\"width\":\"538px\",\"height\":\"auto\",\"aspectRatio\":\"1.5\",\"scale\":\"cover\",\"sizeSlug\":\"full\",\"linkDestination\":\"none\"} --><\/p>\n<figure><\/figure>\n<p><!-- \/wp:image --><\/p>\n<p><!-- wp:paragraph --><\/p>\n<p><!-- wp:paragraph --><\/p>\n<p data-start=\"180\" data-end=\"525\">\u00a0<\/p>\n<p data-start=\"180\" data-end=\"525\">Elena Garc\u00eda is afgestudeerd in Duitse Filologie aan de Universiteit van Valladolid en is sinds 2009 docent Spaans voor anderstaligen. Gedurende 14 jaar werkte zij bij CLIC International House Sevilla. Zij beschikt over specifieke opleiding in ELE en is tevens opleider van docenten Spaans binnen International House.<\/p>\n<p data-start=\"527\" data-end=\"1048\">Daarnaast heeft zij een master Audiovisuele Vertaling en Specialistische Teksten behaald aan de Universiteit van Sevilla en gaf zij les in Duits en Engels in verschillende onderwijscontexten. Haar eigen ervaring met het leren van andere talen stelde haar in staat inzicht te krijgen in leerprocessen en klassikale taken en een sterke empathie voor studenten te ontwikkelen. Zij heeft een grote passie voor talen en woorden, hun oorsprong en etymologie, die zij steeds toepast in echte en authentieke communicatie.<\/p>\n<p data-start=\"1050\" data-end=\"1145\">Momenteel is zij co\u00f6rdinator van de afdeling Spaans bij International House Valladolid.<\/p>\n<p><!-- \/wp:paragraph --><\/p>\n<p><!-- wp:paragraph --><\/p>\n<p><!-- \/wp:paragraph --><\/p>\n<p><!-- wp:paragraph --><\/p>\n<p>\u00a0<\/p>\n<p><!-- \/wp:paragraph --><\/p>\n<p><!-- wp:paragraph --><\/p>\n<p><!-- \/wp:paragraph --><\/p>\n<p><!-- wp:paragraph --><\/p>\n<p><!-- \/wp:paragraph --><\/p>\n<p><!-- wp:paragraph --><\/p>\n<p><!-- \/wp:paragraph --><\/p>\t\t\t\t\t\t<\/div>\n\t\t\t\t<\/div>\n\t\t\t\t<div class=\"elementor-element elementor-element-45da961c elementor-widget elementor-widget-text-editor\" data-id=\"45da961c\" data-element_type=\"widget\" data-widget_type=\"text-editor.default\">\n\t\t\t\t<div class=\"elementor-widget-container\">\n\t\t\t\t\t\t\t\t\t\t\t\t\t<\/div>\n\t\t\t\t<\/div>\n\t\t\t\t\t<\/div>\n\t\t\t\t<\/div>\n\t\t\t\t<\/div>\n\t\t","protected":false},"excerpt":{"rendered":"<p>Elena Garc\u00eda Elena Garc\u00eda es licenciada en Filolog\u00eda Alemana por la Universidad de\u00a0Valladolid y profesora de espa\u00f1ol para extranjeros desde 2009. Durante 14\u00a0a\u00f1os ha trabajado en CLIC International House Sevilla, cuenta con formaci\u00f3n\u00a0espec\u00edfica de ELE y tambi\u00e9n es formadora de profesores de espa\u00f1ol de IH.\u00a0Tiene un M\u00e1ster en Traducci\u00f3n Audiovisual y Textos Espec\u00edficos por la\u00a0Universidad [&hellip;]<\/p>\n","protected":false},"author":3,"featured_media":0,"parent":0,"menu_order":0,"comment_status":"closed","ping_status":"closed","template":"","meta":{"site-sidebar-layout":"default","site-content-layout":"","ast-site-content-layout":"default","site-content-style":"default","site-sidebar-style":"default","ast-global-header-display":"","ast-banner-title-visibility":"","ast-main-header-display":"","ast-hfb-above-header-display":"","ast-hfb-below-header-display":"","ast-hfb-mobile-header-display":"","site-post-title":"","ast-breadcrumbs-content":"","ast-featured-img":"","footer-sml-layout":"","theme-transparent-header-meta":"","adv-header-id-meta":"","stick-header-meta":"","header-above-stick-meta":"","header-main-stick-meta":"","header-below-stick-meta":"","astra-migrate-meta-layouts":"set","ast-page-background-enabled":"default","ast-page-background-meta":{"desktop":{"background-color":"var(--ast-global-color-4)","background-image":"","background-repeat":"repeat","background-position":"center center","background-size":"auto","background-attachment":"scroll","background-type":"","background-media":"","overlay-type":"","overlay-color":"","overlay-gradient":""},"tablet":{"background-color":"","background-image":"","background-repeat":"repeat","background-position":"center center","background-size":"auto","background-attachment":"scroll","background-type":"","background-media":"","overlay-type":"","overlay-color":"","overlay-gradient":""},"mobile":{"background-color":"","background-image":"","background-repeat":"repeat","background-position":"center center","background-size":"auto","background-attachment":"scroll","background-type":"","background-media":"","overlay-type":"","overlay-color":"","overlay-gradient":""}},"ast-content-background-meta":{"desktop":{"background-color":"var(--ast-global-color-5)","background-image":"","background-repeat":"repeat","background-position":"center center","background-size":"auto","background-attachment":"scroll","background-type":"","background-media":"","overlay-type":"","overlay-color":"","overlay-gradient":""},"tablet":{"background-color":"var(--ast-global-color-5)","background-image":"","background-repeat":"repeat","background-position":"center center","background-size":"auto","background-attachment":"scroll","background-type":"","background-media":"","overlay-type":"","overlay-color":"","overlay-gradient":""},"mobile":{"background-color":"var(--ast-global-color-5)","background-image":"","background-repeat":"repeat","background-position":"center center","background-size":"auto","background-attachment":"scroll","background-type":"","background-media":"","overlay-type":"","overlay-color":"","overlay-gradient":""}},"footnotes":""},"class_list":["post-2696","page","type-page","status-publish","hentry"],"_links":{"self":[{"href":"https:\/\/levendetalenspaans.nl\/wordpress\/wp-json\/wp\/v2\/pages\/2696","targetHints":{"allow":["GET"]}}],"collection":[{"href":"https:\/\/levendetalenspaans.nl\/wordpress\/wp-json\/wp\/v2\/pages"}],"about":[{"href":"https:\/\/levendetalenspaans.nl\/wordpress\/wp-json\/wp\/v2\/types\/page"}],"author":[{"embeddable":true,"href":"https:\/\/levendetalenspaans.nl\/wordpress\/wp-json\/wp\/v2\/users\/3"}],"replies":[{"embeddable":true,"href":"https:\/\/levendetalenspaans.nl\/wordpress\/wp-json\/wp\/v2\/comments?post=2696"}],"version-history":[{"count":11,"href":"https:\/\/levendetalenspaans.nl\/wordpress\/wp-json\/wp\/v2\/pages\/2696\/revisions"}],"predecessor-version":[{"id":3335,"href":"https:\/\/levendetalenspaans.nl\/wordpress\/wp-json\/wp\/v2\/pages\/2696\/revisions\/3335"}],"wp:attachment":[{"href":"https:\/\/levendetalenspaans.nl\/wordpress\/wp-json\/wp\/v2\/media?parent=2696"}],"curies":[{"name":"wp","href":"https:\/\/api.w.org\/{rel}","templated":true}]}}