{"id":2681,"date":"2026-01-04T11:00:56","date_gmt":"2026-01-04T10:00:56","guid":{"rendered":"https:\/\/levendetalenspaans.nl\/wordpress\/?page_id=2681"},"modified":"2026-01-13T22:38:54","modified_gmt":"2026-01-13T21:38:54","slug":"mayte-ibanez","status":"publish","type":"page","link":"https:\/\/levendetalenspaans.nl\/wordpress\/mayte-ibanez\/","title":{"rendered":"Mayte Ib\u00e1\u00f1ez"},"content":{"rendered":"\t\t<div data-elementor-type=\"wp-page\" data-elementor-id=\"2681\" class=\"elementor elementor-2681\">\n\t\t\t\t<div class=\"elementor-element elementor-element-550df049 e-flex e-con-boxed e-con e-parent\" data-id=\"550df049\" data-element_type=\"container\" data-settings=\"{&quot;content_width&quot;:&quot;boxed&quot;}\" data-core-v316-plus=\"true\">\n\t\t\t\t\t<div class=\"e-con-inner\">\n\t\t\t\t<div class=\"elementor-element elementor-element-00d1725 elementor-widget elementor-widget-text-editor\" data-id=\"00d1725\" data-element_type=\"widget\" data-widget_type=\"text-editor.default\">\n\t\t\t\t<div class=\"elementor-widget-container\">\n\t\t\t<style>\/*! elementor - v3.19.0 - 07-02-2024 *\/\n.elementor-widget-text-editor.elementor-drop-cap-view-stacked .elementor-drop-cap{background-color:#69727d;color:#fff}.elementor-widget-text-editor.elementor-drop-cap-view-framed .elementor-drop-cap{color:#69727d;border:3px solid;background-color:transparent}.elementor-widget-text-editor:not(.elementor-drop-cap-view-default) .elementor-drop-cap{margin-top:8px}.elementor-widget-text-editor:not(.elementor-drop-cap-view-default) .elementor-drop-cap-letter{width:1em;height:1em}.elementor-widget-text-editor .elementor-drop-cap{float:left;text-align:center;line-height:1;font-size:50px}.elementor-widget-text-editor .elementor-drop-cap-letter{display:inline-block}<\/style>\t\t\t\t<h4><span class=\"TextRun Highlight SCXW84061321 BCX8\" lang=\"ES-ES\" xml:lang=\"ES-ES\" data-contrast=\"none\"><span class=\"NormalTextRun SCXW84061321 BCX8\">Mayte Ib\u00e1\u00f1ez<\/span><\/span><\/h4>\n<p>Mayte Ib\u00e1\u00f1ez tiene 17 a\u00f1os de experiencia como profesora de espa\u00f1ol, de los cuales gran parte una escuela International Baccalaureate, una rica experiencia que la ayud\u00f3 a formar una visi\u00f3n inclusiva e innovadora que ser\u00eda la base para tu desarrollo profesional. En este momento trabaja en ORS Lek en Linge (Culemborg) como profesora, jefa de secci\u00f3n y coordinadora Erasmus+. Desde el 2022 form\u00f3 parte del comit\u00e9 de innovaci\u00f3n para lenguas extranjeras en SLO. Adem\u00e1s, es profesora de did\u00e1ctica y formadora de profesores de primer grado para lenguas extranjeras en la Universidad Radboud (Nimega). Es tallerista y gran promotora del espa\u00f1ol desde la directiva de Platform Spaans en los Pa\u00edses Bajos.<\/p>\n<p>\u00a0<\/p>\n<p><span lang=\"ES\"><img fetchpriority=\"high\" decoding=\"async\" class=\"size-medium wp-image-1982 aligncenter\" src=\"https:\/\/levendetalenspaans.nl\/wordpress\/wp-content\/uploads\/2024\/01\/unnamed-300x300.jpg\" alt=\"\" width=\"300\" height=\"300\" srcset=\"https:\/\/levendetalenspaans.nl\/wordpress\/wp-content\/uploads\/2024\/01\/unnamed-300x300.jpg 300w, https:\/\/levendetalenspaans.nl\/wordpress\/wp-content\/uploads\/2024\/01\/unnamed-150x150.jpg 150w, https:\/\/levendetalenspaans.nl\/wordpress\/wp-content\/uploads\/2024\/01\/unnamed.jpg 400w\" sizes=\"(max-width: 300px) 100vw, 300px\" \/><\/span><\/p>\n<p><!-- \/wp:paragraph --><\/p>\n<p><!-- wp:paragraph --><\/p>\n<p><!-- \/wp:paragraph --><\/p>\n<p><!-- wp:paragraph --><\/p>\n<p><!-- \/wp:paragraph --><\/p>\n<p><!-- wp:image {\"align\":\"center\",\"id\":2392,\"width\":\"538px\",\"height\":\"auto\",\"aspectRatio\":\"1.5\",\"scale\":\"cover\",\"sizeSlug\":\"full\",\"linkDestination\":\"none\"} --><\/p>\n<figure><\/figure>\n<p><!-- \/wp:image --><\/p>\n<p><!-- wp:paragraph --><\/p>\n<p><!-- wp:paragraph --><\/p>\n<p data-start=\"127\" data-end=\"422\">\u00a0<\/p>\n<p data-start=\"127\" data-end=\"422\">Mayte Ib\u00e1\u00f1ez heeft 17 jaar ervaring als docent Spaans, waarvan een groot deel in een International Baccalaureate-context. Deze brede ervaring heeft bijgedragen aan de ontwikkeling van een inclusieve en innovatieve visie, die de basis vormt voor haar professionele ontwikkeling.<\/p>\n<p data-start=\"424\" data-end=\"789\">Momenteel werkt zij bij ORS Lek en Linge (Culemborg) als docent, sectiehoofd en Erasmus+-co\u00f6rdinator. Sinds 2022 maakt zij deel uit van de innovatiecommissie voor moderne vreemde talen bij SLO. Daarnaast is zij docent didactiek en opleider van eerstegraads docenten moderne vreemde talen aan de Radboud Universiteit (Nijmegen).<\/p>\n<p data-start=\"791\" data-end=\"929\">Zij verzorgt regelmatig workshops en is vanuit het bestuur van Platform Spaans in Nederland actief als bevorderaar van het Spaans.<\/p>\n<p><!-- \/wp:paragraph --><\/p>\n<p><!-- wp:paragraph --><\/p>\n<p><!-- \/wp:paragraph --><\/p>\n<p><!-- wp:paragraph --><\/p>\n<p>\u00a0<\/p>\n<p><!-- \/wp:paragraph --><\/p>\n<p><!-- wp:paragraph --><\/p>\n<p><!-- \/wp:paragraph --><\/p>\n<p><!-- wp:paragraph --><\/p>\n<p><!-- \/wp:paragraph --><\/p>\n<p><!-- wp:paragraph --><\/p>\n<p><!-- \/wp:paragraph --><\/p>\t\t\t\t\t\t<\/div>\n\t\t\t\t<\/div>\n\t\t\t\t<div class=\"elementor-element elementor-element-45da961c elementor-widget elementor-widget-text-editor\" data-id=\"45da961c\" data-element_type=\"widget\" data-widget_type=\"text-editor.default\">\n\t\t\t\t<div class=\"elementor-widget-container\">\n\t\t\t\t\t\t\t\t\t\t\t\t\t<\/div>\n\t\t\t\t<\/div>\n\t\t\t\t\t<\/div>\n\t\t\t\t<\/div>\n\t\t\t\t<\/div>\n\t\t","protected":false},"excerpt":{"rendered":"<p>Mayte Ib\u00e1\u00f1ez Mayte Ib\u00e1\u00f1ez tiene 17 a\u00f1os de experiencia como profesora de espa\u00f1ol, de los cuales gran parte una escuela International Baccalaureate, una rica experiencia que la ayud\u00f3 a formar una visi\u00f3n inclusiva e innovadora que ser\u00eda la base para tu desarrollo profesional. En este momento trabaja en ORS Lek en Linge (Culemborg) como profesora, [&hellip;]<\/p>\n","protected":false},"author":3,"featured_media":0,"parent":0,"menu_order":0,"comment_status":"closed","ping_status":"closed","template":"","meta":{"site-sidebar-layout":"default","site-content-layout":"","ast-site-content-layout":"default","site-content-style":"default","site-sidebar-style":"default","ast-global-header-display":"","ast-banner-title-visibility":"","ast-main-header-display":"","ast-hfb-above-header-display":"","ast-hfb-below-header-display":"","ast-hfb-mobile-header-display":"","site-post-title":"","ast-breadcrumbs-content":"","ast-featured-img":"","footer-sml-layout":"","theme-transparent-header-meta":"","adv-header-id-meta":"","stick-header-meta":"","header-above-stick-meta":"","header-main-stick-meta":"","header-below-stick-meta":"","astra-migrate-meta-layouts":"set","ast-page-background-enabled":"default","ast-page-background-meta":{"desktop":{"background-color":"var(--ast-global-color-4)","background-image":"","background-repeat":"repeat","background-position":"center center","background-size":"auto","background-attachment":"scroll","background-type":"","background-media":"","overlay-type":"","overlay-color":"","overlay-gradient":""},"tablet":{"background-color":"","background-image":"","background-repeat":"repeat","background-position":"center center","background-size":"auto","background-attachment":"scroll","background-type":"","background-media":"","overlay-type":"","overlay-color":"","overlay-gradient":""},"mobile":{"background-color":"","background-image":"","background-repeat":"repeat","background-position":"center center","background-size":"auto","background-attachment":"scroll","background-type":"","background-media":"","overlay-type":"","overlay-color":"","overlay-gradient":""}},"ast-content-background-meta":{"desktop":{"background-color":"var(--ast-global-color-5)","background-image":"","background-repeat":"repeat","background-position":"center center","background-size":"auto","background-attachment":"scroll","background-type":"","background-media":"","overlay-type":"","overlay-color":"","overlay-gradient":""},"tablet":{"background-color":"var(--ast-global-color-5)","background-image":"","background-repeat":"repeat","background-position":"center center","background-size":"auto","background-attachment":"scroll","background-type":"","background-media":"","overlay-type":"","overlay-color":"","overlay-gradient":""},"mobile":{"background-color":"var(--ast-global-color-5)","background-image":"","background-repeat":"repeat","background-position":"center center","background-size":"auto","background-attachment":"scroll","background-type":"","background-media":"","overlay-type":"","overlay-color":"","overlay-gradient":""}},"footnotes":""},"class_list":["post-2681","page","type-page","status-publish","hentry"],"_links":{"self":[{"href":"https:\/\/levendetalenspaans.nl\/wordpress\/wp-json\/wp\/v2\/pages\/2681","targetHints":{"allow":["GET"]}}],"collection":[{"href":"https:\/\/levendetalenspaans.nl\/wordpress\/wp-json\/wp\/v2\/pages"}],"about":[{"href":"https:\/\/levendetalenspaans.nl\/wordpress\/wp-json\/wp\/v2\/types\/page"}],"author":[{"embeddable":true,"href":"https:\/\/levendetalenspaans.nl\/wordpress\/wp-json\/wp\/v2\/users\/3"}],"replies":[{"embeddable":true,"href":"https:\/\/levendetalenspaans.nl\/wordpress\/wp-json\/wp\/v2\/comments?post=2681"}],"version-history":[{"count":11,"href":"https:\/\/levendetalenspaans.nl\/wordpress\/wp-json\/wp\/v2\/pages\/2681\/revisions"}],"predecessor-version":[{"id":3456,"href":"https:\/\/levendetalenspaans.nl\/wordpress\/wp-json\/wp\/v2\/pages\/2681\/revisions\/3456"}],"wp:attachment":[{"href":"https:\/\/levendetalenspaans.nl\/wordpress\/wp-json\/wp\/v2\/media?parent=2681"}],"curies":[{"name":"wp","href":"https:\/\/api.w.org\/{rel}","templated":true}]}}