{"id":2664,"date":"2026-01-04T10:43:10","date_gmt":"2026-01-04T09:43:10","guid":{"rendered":"https:\/\/levendetalenspaans.nl\/wordpress\/?page_id=2664"},"modified":"2026-01-13T09:44:40","modified_gmt":"2026-01-13T08:44:40","slug":"andre-coenders","status":"publish","type":"page","link":"https:\/\/levendetalenspaans.nl\/wordpress\/andre-coenders\/","title":{"rendered":"Andr\u00e9 Coenders"},"content":{"rendered":"\t\t<div data-elementor-type=\"wp-page\" data-elementor-id=\"2664\" class=\"elementor elementor-2664\">\n\t\t\t\t<div class=\"elementor-element elementor-element-550df049 e-flex e-con-boxed e-con e-parent\" data-id=\"550df049\" data-element_type=\"container\" data-settings=\"{&quot;content_width&quot;:&quot;boxed&quot;}\" data-core-v316-plus=\"true\">\n\t\t\t\t\t<div class=\"e-con-inner\">\n\t\t\t\t<div class=\"elementor-element elementor-element-00d1725 elementor-widget elementor-widget-text-editor\" data-id=\"00d1725\" data-element_type=\"widget\" data-widget_type=\"text-editor.default\">\n\t\t\t\t<div class=\"elementor-widget-container\">\n\t\t\t<style>\/*! elementor - v3.19.0 - 07-02-2024 *\/\n.elementor-widget-text-editor.elementor-drop-cap-view-stacked .elementor-drop-cap{background-color:#69727d;color:#fff}.elementor-widget-text-editor.elementor-drop-cap-view-framed .elementor-drop-cap{color:#69727d;border:3px solid;background-color:transparent}.elementor-widget-text-editor:not(.elementor-drop-cap-view-default) .elementor-drop-cap{margin-top:8px}.elementor-widget-text-editor:not(.elementor-drop-cap-view-default) .elementor-drop-cap-letter{width:1em;height:1em}.elementor-widget-text-editor .elementor-drop-cap{float:left;text-align:center;line-height:1;font-size:50px}.elementor-widget-text-editor .elementor-drop-cap-letter{display:inline-block}<\/style>\t\t\t\t<h4>\u00a0Andr\u00e9 Coenders<\/h4>\n<p><!-- \/wp:paragraph --><\/p>\n<p><!-- wp:paragraph --><\/p>\n<p><!-- \/wp:paragraph --><\/p>\n<p><!-- wp:paragraph --><\/p>\n<p><!-- \/wp:paragraph --><\/p>\n<p><!-- wp:image {\"align\":\"center\",\"id\":2392,\"width\":\"538px\",\"height\":\"auto\",\"aspectRatio\":\"1.5\",\"scale\":\"cover\",\"sizeSlug\":\"full\",\"linkDestination\":\"none\"} --><\/p>\n<figure><\/figure>\n<p><!-- \/wp:image --><\/p>\n<p><!-- wp:paragraph --><\/p>\n<p><!-- wp:paragraph --><\/p>\n<p><span class=\"TextRun SCXW3153930 BCX0\" lang=\"NL-NL\" xml:lang=\"NL-NL\" data-contrast=\"auto\"><span class=\"NormalTextRun SCXW3153930 BCX0\">Andr\u00e9\u00a0<\/span><span class=\"NormalTextRun SpellingErrorV2Themed SCXW3153930 BCX0\">Coenders<\/span><span class=\"NormalTextRun SCXW3153930 BCX0\">\u00a0is clustermanager talen bij het College voor Toetsen en Examens. In die hoedanigheid is hij nauw betrokken bij de totstandkoming van de nieuwe centrale examens in het kader van de curriculumvernieuwing. Een van zijn wapenfeiten is de invoering van flexibele en digitale centrale examens in het vmbo.\u00a0<\/span><\/span><span class=\"EOP SCXW3153930 BCX0\" data-ccp-props=\"{}\">\u00a0<\/span><\/p>\n<p>\u00a0<\/p>\n<p><a href=\"https:\/\/levendetalenspaans.nl\/wordpress\/foto-andre-coenders-1\/\" rel=\"attachment wp-att-2991\"><img fetchpriority=\"high\" decoding=\"async\" class=\"size-medium wp-image-2991 aligncenter\" src=\"https:\/\/levendetalenspaans.nl\/wordpress\/wp-content\/uploads\/2026\/01\/foto-Andre-Coenders-1-200x300.jpg\" alt=\"\" width=\"200\" height=\"300\" srcset=\"https:\/\/levendetalenspaans.nl\/wordpress\/wp-content\/uploads\/2026\/01\/foto-Andre-Coenders-1-200x300.jpg 200w, https:\/\/levendetalenspaans.nl\/wordpress\/wp-content\/uploads\/2026\/01\/foto-Andre-Coenders-1-683x1024.jpg 683w, https:\/\/levendetalenspaans.nl\/wordpress\/wp-content\/uploads\/2026\/01\/foto-Andre-Coenders-1-768x1151.jpg 768w, https:\/\/levendetalenspaans.nl\/wordpress\/wp-content\/uploads\/2026\/01\/foto-Andre-Coenders-1-1025x1536.jpg 1025w\" sizes=\"(max-width: 200px) 100vw, 200px\" \/><\/a><\/p>\n<p><!-- \/wp:paragraph --><\/p>\n<p><!-- wp:paragraph --><\/p>\n<p><!-- \/wp:paragraph --><\/p>\n<p><!-- wp:paragraph --><\/p>\n<p>Andr\u00e9 Coenders es responsable del \u00e1rea de lenguas en el College voor Toetsen en Examens. En este cargo, est\u00e1 estrechamente implicado en el desarrollo de los nuevos ex\u00e1menes centrales en el marco de la renovaci\u00f3n curricular. Uno de sus principales logros ha sido la implantaci\u00f3n de ex\u00e1menes centrales flexibles y digitales en\u00a0 vmbo.<\/p>\n<p><!-- \/wp:paragraph --><\/p>\n<p><!-- wp:paragraph --><\/p>\n<p><!-- \/wp:paragraph --><\/p>\n<p><!-- wp:paragraph --><\/p>\n<p><!-- \/wp:paragraph --><\/p>\n<p><!-- wp:paragraph --><\/p>\n<p><!-- \/wp:paragraph --><\/p>\t\t\t\t\t\t<\/div>\n\t\t\t\t<\/div>\n\t\t\t\t<div class=\"elementor-element elementor-element-45da961c elementor-widget elementor-widget-text-editor\" data-id=\"45da961c\" data-element_type=\"widget\" data-widget_type=\"text-editor.default\">\n\t\t\t\t<div class=\"elementor-widget-container\">\n\t\t\t\t\t\t\t\t\t\t\t\t\t<\/div>\n\t\t\t\t<\/div>\n\t\t\t\t\t<\/div>\n\t\t\t\t<\/div>\n\t\t<div class=\"elementor-element elementor-element-8364a9a e-flex e-con-boxed e-con e-parent\" data-id=\"8364a9a\" data-element_type=\"container\" data-settings=\"{&quot;content_width&quot;:&quot;boxed&quot;}\" data-core-v316-plus=\"true\">\n\t\t\t\t\t<div class=\"e-con-inner\">\n\t\t\t\t\t<\/div>\n\t\t\t\t<\/div>\n\t\t\t\t<\/div>\n\t\t","protected":false},"excerpt":{"rendered":"<p>\u00a0Andr\u00e9 Coenders Andr\u00e9\u00a0Coenders\u00a0is clustermanager talen bij het College voor Toetsen en Examens. In die hoedanigheid is hij nauw betrokken bij de totstandkoming van de nieuwe centrale examens in het kader van de curriculumvernieuwing. Een van zijn wapenfeiten is de invoering van flexibele en digitale centrale examens in het vmbo.\u00a0\u00a0 \u00a0 Andr\u00e9 Coenders es responsable del [&hellip;]<\/p>\n","protected":false},"author":3,"featured_media":0,"parent":0,"menu_order":0,"comment_status":"closed","ping_status":"closed","template":"","meta":{"site-sidebar-layout":"default","site-content-layout":"","ast-site-content-layout":"default","site-content-style":"default","site-sidebar-style":"default","ast-global-header-display":"","ast-banner-title-visibility":"","ast-main-header-display":"","ast-hfb-above-header-display":"","ast-hfb-below-header-display":"","ast-hfb-mobile-header-display":"","site-post-title":"","ast-breadcrumbs-content":"","ast-featured-img":"","footer-sml-layout":"","theme-transparent-header-meta":"","adv-header-id-meta":"","stick-header-meta":"","header-above-stick-meta":"","header-main-stick-meta":"","header-below-stick-meta":"","astra-migrate-meta-layouts":"set","ast-page-background-enabled":"default","ast-page-background-meta":{"desktop":{"background-color":"var(--ast-global-color-4)","background-image":"","background-repeat":"repeat","background-position":"center center","background-size":"auto","background-attachment":"scroll","background-type":"","background-media":"","overlay-type":"","overlay-color":"","overlay-gradient":""},"tablet":{"background-color":"","background-image":"","background-repeat":"repeat","background-position":"center center","background-size":"auto","background-attachment":"scroll","background-type":"","background-media":"","overlay-type":"","overlay-color":"","overlay-gradient":""},"mobile":{"background-color":"","background-image":"","background-repeat":"repeat","background-position":"center center","background-size":"auto","background-attachment":"scroll","background-type":"","background-media":"","overlay-type":"","overlay-color":"","overlay-gradient":""}},"ast-content-background-meta":{"desktop":{"background-color":"var(--ast-global-color-5)","background-image":"","background-repeat":"repeat","background-position":"center center","background-size":"auto","background-attachment":"scroll","background-type":"","background-media":"","overlay-type":"","overlay-color":"","overlay-gradient":""},"tablet":{"background-color":"var(--ast-global-color-5)","background-image":"","background-repeat":"repeat","background-position":"center center","background-size":"auto","background-attachment":"scroll","background-type":"","background-media":"","overlay-type":"","overlay-color":"","overlay-gradient":""},"mobile":{"background-color":"var(--ast-global-color-5)","background-image":"","background-repeat":"repeat","background-position":"center center","background-size":"auto","background-attachment":"scroll","background-type":"","background-media":"","overlay-type":"","overlay-color":"","overlay-gradient":""}},"footnotes":""},"class_list":["post-2664","page","type-page","status-publish","hentry"],"_links":{"self":[{"href":"https:\/\/levendetalenspaans.nl\/wordpress\/wp-json\/wp\/v2\/pages\/2664","targetHints":{"allow":["GET"]}}],"collection":[{"href":"https:\/\/levendetalenspaans.nl\/wordpress\/wp-json\/wp\/v2\/pages"}],"about":[{"href":"https:\/\/levendetalenspaans.nl\/wordpress\/wp-json\/wp\/v2\/types\/page"}],"author":[{"embeddable":true,"href":"https:\/\/levendetalenspaans.nl\/wordpress\/wp-json\/wp\/v2\/users\/3"}],"replies":[{"embeddable":true,"href":"https:\/\/levendetalenspaans.nl\/wordpress\/wp-json\/wp\/v2\/comments?post=2664"}],"version-history":[{"count":14,"href":"https:\/\/levendetalenspaans.nl\/wordpress\/wp-json\/wp\/v2\/pages\/2664\/revisions"}],"predecessor-version":[{"id":3340,"href":"https:\/\/levendetalenspaans.nl\/wordpress\/wp-json\/wp\/v2\/pages\/2664\/revisions\/3340"}],"wp:attachment":[{"href":"https:\/\/levendetalenspaans.nl\/wordpress\/wp-json\/wp\/v2\/media?parent=2664"}],"curies":[{"name":"wp","href":"https:\/\/api.w.org\/{rel}","templated":true}]}}