{"id":2418,"date":"2024-02-15T01:45:23","date_gmt":"2024-02-15T00:45:23","guid":{"rendered":"https:\/\/levendetalenspaans.nl\/wordpress\/?page_id=2418"},"modified":"2026-01-04T10:36:16","modified_gmt":"2026-01-04T09:36:16","slug":"eva-gonzalez-melon-y-marta-gallego-garcia","status":"publish","type":"page","link":"https:\/\/levendetalenspaans.nl\/wordpress\/eva-gonzalez-melon-y-marta-gallego-garcia\/","title":{"rendered":"Ester Garc\u00eda Montero y Esther Gonz\u00e1lez Blanco"},"content":{"rendered":"\t\t<div data-elementor-type=\"wp-page\" data-elementor-id=\"2418\" class=\"elementor elementor-2418\">\n\t\t\t\t<div class=\"elementor-element elementor-element-550df049 e-flex e-con-boxed e-con e-parent\" data-id=\"550df049\" data-element_type=\"container\" data-settings=\"{&quot;content_width&quot;:&quot;boxed&quot;}\" data-core-v316-plus=\"true\">\n\t\t\t\t\t<div class=\"e-con-inner\">\n\t\t\t\t<div class=\"elementor-element elementor-element-00d1725 elementor-widget elementor-widget-text-editor\" data-id=\"00d1725\" data-element_type=\"widget\" data-widget_type=\"text-editor.default\">\n\t\t\t\t<div class=\"elementor-widget-container\">\n\t\t\t<style>\/*! elementor - v3.19.0 - 07-02-2024 *\/\n.elementor-widget-text-editor.elementor-drop-cap-view-stacked .elementor-drop-cap{background-color:#69727d;color:#fff}.elementor-widget-text-editor.elementor-drop-cap-view-framed .elementor-drop-cap{color:#69727d;border:3px solid;background-color:transparent}.elementor-widget-text-editor:not(.elementor-drop-cap-view-default) .elementor-drop-cap{margin-top:8px}.elementor-widget-text-editor:not(.elementor-drop-cap-view-default) .elementor-drop-cap-letter{width:1em;height:1em}.elementor-widget-text-editor .elementor-drop-cap{float:left;text-align:center;line-height:1;font-size:50px}.elementor-widget-text-editor .elementor-drop-cap-letter{display:inline-block}<\/style>\t\t\t\t<h4>Ester Garc\u00eda Montero<\/h4>\n<p>Es licenciada en Filolog\u00eda Hisp\u00e1nica por la Universidad de Salamanca en 1992. Debido a su curiosidad e inter\u00e9s por el espa\u00f1ol curs\u00f3 el m\u00e1ster de postgrado Magister de Ense\u00f1anza del Espa\u00f1ol como Segunda Lengua en la Universidad de Valladolid. A partir de ah\u00ed decidi\u00f3 dedicarse a la ense\u00f1anza de ELE. Lleva trabajando en Estudio Sampere Salamanca desde 1995 donde compagina las labores de docente con la direcci\u00f3n del centro. En 1996 fue profesora de espa\u00f1ol en la Universidad de Washington &amp; Lee, VA (EE.UU.). Examinadora DELE (A1-C2)<br \/>Formadora de prescriptores tanto en l\u00ednea como de forma presencial en diferentes pa\u00edses del mundo.<\/p>\n<p><span lang=\"ES\"><img fetchpriority=\"high\" decoding=\"async\" class=\"size-medium wp-image-2653 aligncenter\" src=\"https:\/\/levendetalenspaans.nl\/wordpress\/wp-content\/uploads\/2026\/01\/Sampere1-294x300.png\" alt=\"\" width=\"294\" height=\"300\" srcset=\"https:\/\/levendetalenspaans.nl\/wordpress\/wp-content\/uploads\/2026\/01\/Sampere1-294x300.png 294w, https:\/\/levendetalenspaans.nl\/wordpress\/wp-content\/uploads\/2026\/01\/Sampere1.png 421w\" sizes=\"(max-width: 294px) 100vw, 294px\" \/><\/span><\/p>\n<p><!-- \/wp:paragraph --><\/p>\n<p><!-- wp:paragraph --><\/p>\n<p><!-- \/wp:paragraph --><\/p>\n<p><!-- wp:paragraph --><\/p>\n<p><!-- \/wp:paragraph --><\/p>\n<p><!-- wp:image {\"align\":\"center\",\"id\":2392,\"width\":\"538px\",\"height\":\"auto\",\"aspectRatio\":\"1.5\",\"scale\":\"cover\",\"sizeSlug\":\"full\",\"linkDestination\":\"none\"} --><\/p>\n<figure><\/figure>\n<p><!-- \/wp:image --><\/p>\n<p><!-- wp:paragraph --><\/p>\n<p><!-- wp:paragraph --><\/p>\n<p>Ester behaalde in 1992 haar doctorandus titel in de Spaanse filologie aan de Universiteit van Salamanca. Vanuit haar grote belangstelling voor de Spaanse taal en cultuur volgde zij aansluitend de postacademische master <em>Mag\u00edster in het Onderwijs van Spaans als Tweede Taal<\/em> aan de Universiteit van Valladolid. Deze opleiding vormde het startpunt van haar professionele loopbaan in het onderwijs Spaans als vreemde taal (ELE).\u00a0<br \/>Sinds 1995 werkt zij bij Estudio Sampere Salamanca, waar zij haar werkzaamheden als docent combineert met de directie van het centrum. In 1996 was zij docent Spaans aan de Washington &amp; Lee University in Virginia (Verenigde Staten).<\/p>\n<p><!-- \/wp:paragraph --><!-- wp:paragraph --><\/p>\n<p>Zij is DELE-examinator (A1\u2013C2) en trainer van prescripteurs, zowel online als face-to-face, in verschillende landen wereldwijd.<\/p>\n<p><!-- \/wp:paragraph --><\/p>\n<p><!-- wp:paragraph --><\/p>\n<p><!-- \/wp:paragraph --><\/p>\n<p><!-- wp:paragraph --><\/p>\n<p>\u00a0<\/p>\n<p><!-- \/wp:paragraph --><\/p>\n<p><!-- wp:paragraph --><\/p>\n<p><!-- \/wp:paragraph --><\/p>\n<p><!-- wp:paragraph --><\/p>\n<p><!-- \/wp:paragraph --><\/p>\n<p><!-- wp:paragraph --><\/p>\n<p><!-- \/wp:paragraph --><\/p>\t\t\t\t\t\t<\/div>\n\t\t\t\t<\/div>\n\t\t\t\t<div class=\"elementor-element elementor-element-45da961c elementor-widget elementor-widget-text-editor\" data-id=\"45da961c\" data-element_type=\"widget\" data-widget_type=\"text-editor.default\">\n\t\t\t\t<div class=\"elementor-widget-container\">\n\t\t\t\t\t\t\t<h4>Esther Gonz\u00e1lez\u00a0Blanco<\/h4>\n<p>Licenciada en Filolog\u00eda Inglesa por la Universidad de Salamanca en 1994. Su primera toma de contacto con el aula fue como Auxiliar de Conversaci\u00f3n en Lincoln (Inglaterra) 1993\/1994. A partir de esa experiencia decidi\u00f3 dedicarse a la ense\u00f1anza de espa\u00f1ol como lengua extranjera. Empez\u00f3 su carrera profesional en 1995 en Salamanca. Desde el a\u00f1o 1999 es Jefa de Estudios en Estudio Sampere Salamanca.<br \/>Ha trabajado como profesora de espa\u00f1ol durante dos cursos acad\u00e9micos en Samford University, AL (EEUU). Aparte de la docencia, se encarga de la formaci\u00f3n de profesores, creaci\u00f3n de materiales y estrategias para el aprendizaje de ELE. Examinadora DELE (A1-C2) y profesora de ingl\u00e9s.<br \/>Formadora de prescriptores tanto en l\u00ednea como de forma presencial en diferentes pa\u00edses del mundo<\/p>\n<p><img decoding=\"async\" class=\"size-medium wp-image-2659 aligncenter\" src=\"https:\/\/levendetalenspaans.nl\/wordpress\/wp-content\/uploads\/2026\/01\/Sampere2-1-300x300.png\" alt=\"\" width=\"300\" height=\"300\" srcset=\"https:\/\/levendetalenspaans.nl\/wordpress\/wp-content\/uploads\/2026\/01\/Sampere2-1-300x300.png 300w, https:\/\/levendetalenspaans.nl\/wordpress\/wp-content\/uploads\/2026\/01\/Sampere2-1-150x150.png 150w, https:\/\/levendetalenspaans.nl\/wordpress\/wp-content\/uploads\/2026\/01\/Sampere2-1.png 409w\" sizes=\"(max-width: 300px) 100vw, 300px\" \/><\/p>\n<p><!-- \/wp:paragraph --><\/p>\n<p><!-- wp:paragraph --><\/p>\n<p><!-- \/wp:paragraph --><\/p>\n<p><!-- wp:paragraph --><\/p>\n<p><!-- \/wp:paragraph --><\/p>\n<p><!-- wp:image {\"align\":\"center\",\"id\":2392,\"width\":\"538px\",\"height\":\"auto\",\"aspectRatio\":\"1.5\",\"scale\":\"cover\",\"sizeSlug\":\"full\",\"linkDestination\":\"none\"} --><\/p>\n<div>\n<p data-start=\"0\" data-end=\"325\">Zij behaalde in 1994 haar diploma in de Engelse filologie aan de Universiteit van Salamanca. Haar eerste ervaring in het klaslokaal deed zij op als taalassistent in Lincoln (Engeland) in het academisch jaar 1993\/1994. Naar aanleiding van deze ervaring besloot zij zich te wijden aan het onderwijs van Spaans als vreemde taal.<\/p>\n<p data-start=\"327\" data-end=\"728\">Zij begon haar professionele loopbaan in 1995 in Salamanca en is sinds 1999 hoofd opleidingen bij Estudio Sampere Salamanca. Daarnaast werkte zij gedurende twee academische jaren als docent Spaans aan de Samford University in Alabama (Verenigde Staten). Naast haar onderwijswerkzaamheden houdt zij zich bezig met de opleiding van docenten, de ontwikkeling van lesmateriaal en leerstrategie\u00ebn voor ELE.<\/p>\n<p data-start=\"730\" data-end=\"889\" data-is-last-node=\"\" data-is-only-node=\"\">Zij is DELE-examinator (A1\u2013C2) en docent Engels, en treedt op als trainer van prescripteurs, zowel online als face-to-face, in verschillende landen wereldwijd.<\/p>\n<\/div>\n<div>\n<p>\u00a0<\/p>\n<\/div>\n<p><!-- \/wp:image --><\/p>\n<p><!-- wp:paragraph --><\/p>\n<p>\u00a0<\/p>\n<p><!-- \/wp:paragraph --><\/p>\n<p><!-- wp:paragraph --><\/p>\n<p><!-- \/wp:paragraph --><\/p>\n<p><!-- wp:paragraph --><\/p>\n<p><!-- \/wp:paragraph --><\/p>\n<p><!-- wp:paragraph --><\/p>\n<p><!-- \/wp:paragraph --><\/p>\t\t\t\t\t\t<\/div>\n\t\t\t\t<\/div>\n\t\t\t\t\t<\/div>\n\t\t\t\t<\/div>\n\t\t\t\t<\/div>\n\t\t","protected":false},"excerpt":{"rendered":"<p>Ester Garc\u00eda Montero Es licenciada en Filolog\u00eda Hisp\u00e1nica por la Universidad de Salamanca en 1992. Debido a su curiosidad e inter\u00e9s por el espa\u00f1ol curs\u00f3 el m\u00e1ster de postgrado Magister de Ense\u00f1anza del Espa\u00f1ol como Segunda Lengua en la Universidad de Valladolid. A partir de ah\u00ed decidi\u00f3 dedicarse a la ense\u00f1anza de ELE. Lleva trabajando [&hellip;]<\/p>\n","protected":false},"author":1,"featured_media":0,"parent":0,"menu_order":0,"comment_status":"closed","ping_status":"closed","template":"","meta":{"site-sidebar-layout":"default","site-content-layout":"","ast-site-content-layout":"default","site-content-style":"default","site-sidebar-style":"default","ast-global-header-display":"","ast-banner-title-visibility":"","ast-main-header-display":"","ast-hfb-above-header-display":"","ast-hfb-below-header-display":"","ast-hfb-mobile-header-display":"","site-post-title":"","ast-breadcrumbs-content":"","ast-featured-img":"","footer-sml-layout":"","theme-transparent-header-meta":"","adv-header-id-meta":"","stick-header-meta":"","header-above-stick-meta":"","header-main-stick-meta":"","header-below-stick-meta":"","astra-migrate-meta-layouts":"set","ast-page-background-enabled":"default","ast-page-background-meta":{"desktop":{"background-color":"var(--ast-global-color-4)","background-image":"","background-repeat":"repeat","background-position":"center center","background-size":"auto","background-attachment":"scroll","background-type":"","background-media":"","overlay-type":"","overlay-color":"","overlay-gradient":""},"tablet":{"background-color":"","background-image":"","background-repeat":"repeat","background-position":"center center","background-size":"auto","background-attachment":"scroll","background-type":"","background-media":"","overlay-type":"","overlay-color":"","overlay-gradient":""},"mobile":{"background-color":"","background-image":"","background-repeat":"repeat","background-position":"center center","background-size":"auto","background-attachment":"scroll","background-type":"","background-media":"","overlay-type":"","overlay-color":"","overlay-gradient":""}},"ast-content-background-meta":{"desktop":{"background-color":"var(--ast-global-color-5)","background-image":"","background-repeat":"repeat","background-position":"center center","background-size":"auto","background-attachment":"scroll","background-type":"","background-media":"","overlay-type":"","overlay-color":"","overlay-gradient":""},"tablet":{"background-color":"var(--ast-global-color-5)","background-image":"","background-repeat":"repeat","background-position":"center center","background-size":"auto","background-attachment":"scroll","background-type":"","background-media":"","overlay-type":"","overlay-color":"","overlay-gradient":""},"mobile":{"background-color":"var(--ast-global-color-5)","background-image":"","background-repeat":"repeat","background-position":"center center","background-size":"auto","background-attachment":"scroll","background-type":"","background-media":"","overlay-type":"","overlay-color":"","overlay-gradient":""}},"footnotes":""},"class_list":["post-2418","page","type-page","status-publish","hentry"],"_links":{"self":[{"href":"https:\/\/levendetalenspaans.nl\/wordpress\/wp-json\/wp\/v2\/pages\/2418","targetHints":{"allow":["GET"]}}],"collection":[{"href":"https:\/\/levendetalenspaans.nl\/wordpress\/wp-json\/wp\/v2\/pages"}],"about":[{"href":"https:\/\/levendetalenspaans.nl\/wordpress\/wp-json\/wp\/v2\/types\/page"}],"author":[{"embeddable":true,"href":"https:\/\/levendetalenspaans.nl\/wordpress\/wp-json\/wp\/v2\/users\/1"}],"replies":[{"embeddable":true,"href":"https:\/\/levendetalenspaans.nl\/wordpress\/wp-json\/wp\/v2\/comments?post=2418"}],"version-history":[{"count":17,"href":"https:\/\/levendetalenspaans.nl\/wordpress\/wp-json\/wp\/v2\/pages\/2418\/revisions"}],"predecessor-version":[{"id":2663,"href":"https:\/\/levendetalenspaans.nl\/wordpress\/wp-json\/wp\/v2\/pages\/2418\/revisions\/2663"}],"wp:attachment":[{"href":"https:\/\/levendetalenspaans.nl\/wordpress\/wp-json\/wp\/v2\/media?parent=2418"}],"curies":[{"name":"wp","href":"https:\/\/api.w.org\/{rel}","templated":true}]}}