{"id":1852,"date":"2024-01-13T14:43:19","date_gmt":"2024-01-13T13:43:19","guid":{"rendered":"https:\/\/levendetalenspaans.nl\/wordpress\/?page_id=1852"},"modified":"2026-01-13T10:47:44","modified_gmt":"2026-01-13T09:47:44","slug":"programa","status":"publish","type":"page","link":"https:\/\/levendetalenspaans.nl\/wordpress\/programa\/","title":{"rendered":"Programa"},"content":{"rendered":"\t\t<div data-elementor-type=\"wp-page\" data-elementor-id=\"1852\" class=\"elementor elementor-1852\">\n\t\t\t\t<div class=\"elementor-element elementor-element-503a3879 e-flex e-con-boxed e-con e-parent\" data-id=\"503a3879\" data-element_type=\"container\" data-settings=\"{&quot;content_width&quot;:&quot;boxed&quot;}\" data-core-v316-plus=\"true\">\n\t\t\t\t\t<div class=\"e-con-inner\">\n\t\t\t\t<div class=\"elementor-element elementor-element-5a921f70 elementor-widget elementor-widget-text-editor\" data-id=\"5a921f70\" data-element_type=\"widget\" data-widget_type=\"text-editor.default\">\n\t\t\t\t<div class=\"elementor-widget-container\">\n\t\t\t<style>\/*! elementor - v3.19.0 - 07-02-2024 *\/\n.elementor-widget-text-editor.elementor-drop-cap-view-stacked .elementor-drop-cap{background-color:#69727d;color:#fff}.elementor-widget-text-editor.elementor-drop-cap-view-framed .elementor-drop-cap{color:#69727d;border:3px solid;background-color:transparent}.elementor-widget-text-editor:not(.elementor-drop-cap-view-default) .elementor-drop-cap{margin-top:8px}.elementor-widget-text-editor:not(.elementor-drop-cap-view-default) .elementor-drop-cap-letter{width:1em;height:1em}.elementor-widget-text-editor .elementor-drop-cap{float:left;text-align:center;line-height:1;font-size:50px}.elementor-widget-text-editor .elementor-drop-cap-letter{display:inline-block}<\/style>\t\t\t\t<h5><strong><a href=\"https:\/\/levendetalenspaans.nl\/wordpress\/conferencias-viernes\/\">Viernes 6 de marzo de 2026<\/a> \u2013 \u00c1msterdam <\/strong><\/h5>\n<p><!-- \/wp:paragraph --><\/p>\n<p><!-- wp:paragraph --><\/p>\n<p>14:00 \u2013 Recepci\u00f3n con caf\u00e9\/t\u00e9 Registro y reuni\u00f3n informal<\/p>\n<p>14:30 \u2013 Apertura. Bienvenida por parte de la organizaci\u00f3n y las instituciones asociadas, breve actualizaci\u00f3n sobre la situaci\u00f3n del espa\u00f1ol en la educaci\u00f3n secundaria<\/p>\n<p>15:00 \u2013 15:35\u2013 <strong>Inteligencia emocional en el aula de ELE.<\/strong> Elena Garc\u00eda &#8211;\u00a0 International House<\/p>\n<p>15:40 \u2013 16:15 &#8211; <strong>M\u00e1s all\u00e1 del aula: Cultura e intercultura. <\/strong>Ester Garc\u00eda Montero y Esther Gonz\u00e1lez Blanco &#8211; Estudio Sampere Salamanca<\/p>\n<p>16:15- 16:30 Pausa caf\u00e9\/t\u00e9<\/p>\n<p>16:30 \u2013 17:00 <strong>El arte como puente y la IA como herramienta.\u00a0<\/strong><\/p>\n<p>17:00 \u2013 17:30 <strong>La pedagog\u00eda del humor: la iron\u00eda en ELE. <\/strong>Anabel Gonz\u00e1lez Garc\u00eda &#8211; \u00a0Fundaci\u00f3n de la Lengua Espa\u00f1ola<\/p>\n<p>17:30 \u2013 18:15 Actividad cultural <strong>Voces de mujeres del mundo hispano<\/strong><\/p>\n<p>18:15 \u2013 19:00 \u2013 Degustaci\u00f3n y networking<\/p>\n<p>\u00a0<\/p>\n<p><span style=\"color: #ffffff;\">.<\/span><\/p>\n<p><!-- \/wp:paragraph --><\/p>\n<p><!-- wp:paragraph --><\/p>\n<p><!-- \/wp:paragraph --><\/p>\n<p><!-- wp:paragraph --><\/p>\n<p><!-- \/wp:paragraph --><\/p>\n<p><!-- wp:paragraph --><\/p>\n<p>\u00a0<\/p>\n<hr \/>\n<p><!-- \/wp:paragraph --><\/p>\n<p><!-- wp:paragraph --><\/p>\n<p><!-- \/wp:paragraph --><\/p>\n<p><!-- wp:paragraph --><\/p>\n<h5><strong><a href=\"https:\/\/levendetalenspaans.nl\/wordpress\/conferencias-sabado\/\">S\u00e1bado 7 de marzo<\/a> &#8211; \u00c1msterdam<\/strong><\/h5>\n<p><!-- \/wp:paragraph --><\/p>\n<p><!-- wp:paragraph --><\/p>\n<p><span style=\"font-size: 16px;\">09:15 \u2013 10:00 \u2013 Recepci\u00f3n con caf\u00e9\/t\u00e9. Networking informal<\/span><\/p>\n<p>10:00 \u2013 10:15 Palabras de apertura<\/p>\n<p>10:15 \u2013 10:45 <strong>De docent als ambassadeur voor de talenstudies\u202f <\/strong>(en holand\u00e9s) Dra. Maaike Koffeman &#8211; Meesterschapsteam de Lenguas Extranjeras Modernas<\/p>\n<p>10:45 \u2013 11.15 <strong>Tu desarrollo profesional en tus manos<\/strong> (en holand\u00e9s) Andrea Lutz &#8211; Levende Talen<\/p>\n<p>11:15 \u2013 11:45 Pausa caf\u00e9\/t\u00e9<\/p>\n<p>11:45 -12:15 \u2013 <strong>Multilinguismo y ciudadan\u00eda global<\/strong> Jos\u00e9 Jim\u00e9nez Serrano &#8211; Academia Mester de Salamanca<\/p>\n<p>12:15 \u2013 13:00 \u2013 Almuerzo Pausa conjunta para comer<\/p>\n<p>13:00 \u2013 14:00 \u2013<strong> <a href=\"https:\/\/levendetalenspaans.nl\/wordpress\/ronda-1-talleres\/\">Ronda 1 \u2013 Talleres Sesiones paralelas<\/a><\/strong><\/p>\n<ul>\n<li><strong>1.A Gamificaci\u00f3n para la clase de ELE <b><span data-contrast=\"none\"><img decoding=\"async\" class=\"emoji\" role=\"img\" draggable=\"false\" src=\"https:\/\/s.w.org\/images\/core\/emoji\/17.0.2\/svg\/1f1ea-1f1f8.svg\" alt=\"\ud83c\uddea\ud83c\uddf8\" \/>\u00a0<\/span><\/b><\/strong><\/li>\n<li><strong>1.B Hoe krijg ik mijn leerlingen met plezier aan het lezen?!<\/strong> <strong><img decoding=\"async\" class=\"emoji\" role=\"img\" draggable=\"false\" src=\"https:\/\/s.w.org\/images\/core\/emoji\/17.0.2\/svg\/1f1f3-1f1f1.svg\" alt=\"\ud83c\uddf3\ud83c\uddf1\" \/><\/strong>(en holand\u00e9s)<\/li>\n<li><strong>1.C \u00a1Dinam\u00edzate! Din\u00e1micas de grupo <b><span data-contrast=\"none\"><img decoding=\"async\" class=\"emoji\" role=\"img\" draggable=\"false\" src=\"https:\/\/s.w.org\/images\/core\/emoji\/17.0.2\/svg\/1f1ea-1f1f8.svg\" alt=\"\ud83c\uddea\ud83c\uddf8\" \/>\u00a0<\/span><\/b><\/strong><\/li>\n<li><strong>1.D Activar la sensibilidad\u202fling\u00fcistica\u202fy la motivaci\u00f3n con el fin de\u202fELEgir\u202fmetas personales, acad\u00e9micas y profesionales <b><span data-contrast=\"none\"><img decoding=\"async\" class=\"emoji\" role=\"img\" draggable=\"false\" src=\"https:\/\/s.w.org\/images\/core\/emoji\/17.0.2\/svg\/1f1ea-1f1f8.svg\" alt=\"\ud83c\uddea\ud83c\uddf8\" \/>\u00a0<\/span><\/b><\/strong><\/li>\n<\/ul>\n<p>14:00 \u2013 14:15 Pausa<\/p>\n<p>14:15 \u2013 15:15 \u2013 <a href=\"https:\/\/levendetalenspaans.nl\/wordpress\/ronda-2-talleres\/\">Ronda 2 \u2013 Talleres Sesiones paralelas<\/a><\/p>\n<ul>\n<li><strong>2A. Un nuevo examen central de espa\u00f1ol para vmbo, havo y vwo &#8211; Oportunidades y desaf\u00edos. <\/strong> <strong><img decoding=\"async\" class=\"emoji\" role=\"img\" draggable=\"false\" src=\"https:\/\/s.w.org\/images\/core\/emoji\/17.0.2\/svg\/1f1f3-1f1f1.svg\" alt=\"\ud83c\uddf3\ud83c\uddf1\" \/><\/strong>(en holand\u00e9s)<\/li>\n<li><strong>2B. El vocabulario como eje \u2013 destrezas ling\u00fc\u00edsticas integradas en la clase de espa\u00f1ol<\/strong> <strong><img decoding=\"async\" class=\"emoji\" role=\"img\" draggable=\"false\" src=\"https:\/\/s.w.org\/images\/core\/emoji\/17.0.2\/svg\/1f1f3-1f1f1.svg\" alt=\"\ud83c\uddf3\ud83c\uddf1\" \/> <\/strong>(en holand\u00e9s)<\/li>\n<li><strong>2C. Puentes educativos: cooperaci\u00f3n con universidades para revitalizar las lenguas <b><span data-contrast=\"none\"><img decoding=\"async\" class=\"emoji\" role=\"img\" draggable=\"false\" src=\"https:\/\/s.w.org\/images\/core\/emoji\/17.0.2\/svg\/1f1ea-1f1f8.svg\" alt=\"\ud83c\uddea\ud83c\uddf8\" \/>\u00a0<\/span><\/b><\/strong><\/li>\n<li><strong>2D. Las competencias b\u00e1sicas en la clase de espa\u00f1ol <b><span data-contrast=\"none\"><img decoding=\"async\" class=\"emoji\" role=\"img\" draggable=\"false\" src=\"https:\/\/s.w.org\/images\/core\/emoji\/17.0.2\/svg\/1f1ea-1f1f8.svg\" alt=\"\ud83c\uddea\ud83c\uddf8\" \/>\u00a0<\/span><\/b><\/strong><\/li>\n<\/ul>\n<p>15:15 \u2013 15:30 Pausa<\/p>\n<p>15:30 \u2013 16:20 \u2013 <strong>Keynote<\/strong> \u2013 <strong>Renovar las asignaturas con un poco de audacia<\/strong> &#8211; \u00a0Sebastiaan Donzelmann\u00a0 <strong style=\"font-size: 16px;\"><img decoding=\"async\" class=\"emoji\" role=\"img\" draggable=\"false\" src=\"https:\/\/s.w.org\/images\/core\/emoji\/17.0.2\/svg\/1f1f3-1f1f1.svg\" alt=\"\ud83c\uddf3\ud83c\uddf1\" \/> <\/strong><span style=\"font-size: 16px;\">(en holand\u00e9s)<\/span><\/p>\n<p>16:20 \u2013 17:00 \u2013 Momento de cierre Loter\u00eda, certificados, canci\u00f3n conjunta y cierre oficial<\/p>\n<p>\u00a0<\/p>\n<p>\u00a0<\/p>\n<hr \/>\n<p><!-- \/wp:paragraph --><\/p>\n<p><!-- wp:paragraph --><\/p>\n<p><!-- \/wp:paragraph --><\/p>\n<p><!-- wp:paragraph --><\/p>\n<p>Descargar aqu\u00ed la versi\u00f3n PDF del programa.<\/p>\n<p><a href=\"https:\/\/levendetalenspaans.nl\/wordpress\/wp-content\/uploads\/2026\/01\/Programa-Congreso-SPTL-2026-PDF.pdf\"><strong>Programa Congreso SPTL 2026 PDF<\/strong><\/a><\/p>\n<p>\u00a0<\/p>\n<p><!-- \/wp:paragraph --><\/p>\t\t\t\t\t\t<\/div>\n\t\t\t\t<\/div>\n\t\t\t\t\t<\/div>\n\t\t\t\t<\/div>\n\t\t\t\t<\/div>\n\t\t","protected":false},"excerpt":{"rendered":"<p>Viernes 6 de marzo de 2026 \u2013 \u00c1msterdam 14:00 \u2013 Recepci\u00f3n con caf\u00e9\/t\u00e9 Registro y reuni\u00f3n informal 14:30 \u2013 Apertura. Bienvenida por parte de la organizaci\u00f3n y las instituciones asociadas, breve actualizaci\u00f3n sobre la situaci\u00f3n del espa\u00f1ol en la educaci\u00f3n secundaria 15:00 \u2013 15:35\u2013 Inteligencia emocional en el aula de ELE. Elena Garc\u00eda &#8211;\u00a0 International [&hellip;]<\/p>\n","protected":false},"author":1,"featured_media":0,"parent":0,"menu_order":0,"comment_status":"closed","ping_status":"closed","template":"","meta":{"site-sidebar-layout":"default","site-content-layout":"","ast-site-content-layout":"default","site-content-style":"default","site-sidebar-style":"default","ast-global-header-display":"","ast-banner-title-visibility":"","ast-main-header-display":"","ast-hfb-above-header-display":"","ast-hfb-below-header-display":"","ast-hfb-mobile-header-display":"","site-post-title":"","ast-breadcrumbs-content":"","ast-featured-img":"","footer-sml-layout":"","theme-transparent-header-meta":"","adv-header-id-meta":"","stick-header-meta":"","header-above-stick-meta":"","header-main-stick-meta":"","header-below-stick-meta":"","astra-migrate-meta-layouts":"set","ast-page-background-enabled":"default","ast-page-background-meta":{"desktop":{"background-color":"var(--ast-global-color-4)","background-image":"","background-repeat":"repeat","background-position":"center center","background-size":"auto","background-attachment":"scroll","background-type":"","background-media":"","overlay-type":"","overlay-color":"","overlay-gradient":""},"tablet":{"background-color":"","background-image":"","background-repeat":"repeat","background-position":"center center","background-size":"auto","background-attachment":"scroll","background-type":"","background-media":"","overlay-type":"","overlay-color":"","overlay-gradient":""},"mobile":{"background-color":"","background-image":"","background-repeat":"repeat","background-position":"center center","background-size":"auto","background-attachment":"scroll","background-type":"","background-media":"","overlay-type":"","overlay-color":"","overlay-gradient":""}},"ast-content-background-meta":{"desktop":{"background-color":"var(--ast-global-color-5)","background-image":"","background-repeat":"repeat","background-position":"center center","background-size":"auto","background-attachment":"scroll","background-type":"","background-media":"","overlay-type":"","overlay-color":"","overlay-gradient":""},"tablet":{"background-color":"var(--ast-global-color-5)","background-image":"","background-repeat":"repeat","background-position":"center center","background-size":"auto","background-attachment":"scroll","background-type":"","background-media":"","overlay-type":"","overlay-color":"","overlay-gradient":""},"mobile":{"background-color":"var(--ast-global-color-5)","background-image":"","background-repeat":"repeat","background-position":"center center","background-size":"auto","background-attachment":"scroll","background-type":"","background-media":"","overlay-type":"","overlay-color":"","overlay-gradient":""}},"footnotes":""},"class_list":["post-1852","page","type-page","status-publish","hentry"],"_links":{"self":[{"href":"https:\/\/levendetalenspaans.nl\/wordpress\/wp-json\/wp\/v2\/pages\/1852","targetHints":{"allow":["GET"]}}],"collection":[{"href":"https:\/\/levendetalenspaans.nl\/wordpress\/wp-json\/wp\/v2\/pages"}],"about":[{"href":"https:\/\/levendetalenspaans.nl\/wordpress\/wp-json\/wp\/v2\/types\/page"}],"author":[{"embeddable":true,"href":"https:\/\/levendetalenspaans.nl\/wordpress\/wp-json\/wp\/v2\/users\/1"}],"replies":[{"embeddable":true,"href":"https:\/\/levendetalenspaans.nl\/wordpress\/wp-json\/wp\/v2\/comments?post=1852"}],"version-history":[{"count":68,"href":"https:\/\/levendetalenspaans.nl\/wordpress\/wp-json\/wp\/v2\/pages\/1852\/revisions"}],"predecessor-version":[{"id":3377,"href":"https:\/\/levendetalenspaans.nl\/wordpress\/wp-json\/wp\/v2\/pages\/1852\/revisions\/3377"}],"wp:attachment":[{"href":"https:\/\/levendetalenspaans.nl\/wordpress\/wp-json\/wp\/v2\/media?parent=1852"}],"curies":[{"name":"wp","href":"https:\/\/api.w.org\/{rel}","templated":true}]}}